{"id":4658,"date":"2026-03-15T13:36:34","date_gmt":"2026-03-15T13:36:34","guid":{"rendered":"https:\/\/kumulusparagliding.com\/guiding\/"},"modified":"2026-04-25T10:01:59","modified_gmt":"2026-04-25T10:01:59","slug":"guiding","status":"publish","type":"page","link":"https:\/\/kumulusparagliding.com\/de\/guiding\/","title":{"rendered":"F\u00fchrung"},"content":{"rendered":"\n<div class=\"wp-block-columns container is-layout-flex wp-container-core-columns-is-layout-9d6595d7 wp-block-columns-is-layout-flex\">\n<div class=\"wp-block-column is-vertically-aligned-center is-layout-flow wp-block-column-is-layout-flow\">\n<div class=\"wp-block-group is-vertical is-content-justification-left is-layout-flex wp-container-core-group-is-layout-41687461 wp-block-group-is-layout-flex\">\n<h2 class=\"wp-block-heading\"><strong>PARAGLIDING-GUIDING IN BOHINJ<\/strong><\/h2>\n\n\n\n<p>\ud83c\udfd4 Bohinj ist eines der landschaftlich sch\u00f6nsten Gleitschirmfluggebiete in Slowenien. <strong>Umgeben von den Julischen Alpen und dominiert vom Triglav bietet es spektakul\u00e4res alpines Fliegen.<\/strong><br>\ud83e\ude82 <strong>Das Fliegen mit einem lokalen Piloten hilft Ihnen<\/strong>, das Gel\u00e4nde, die Wetterbedingungen und die typischen Flugrouten der Region besser zu verstehen.<br>\ud83e\udd1d <strong>Anstatt zu raten, wohin es geht, fliegen wir gemeinsam, teilen lokales Wissen \u00fcber das Gebiet Bohinj und helfen Ihnen, die besten Linien der Julischen Alpen zu entdecken.<\/strong><\/p>\n<\/div>\n<\/div>\n\n\n\n<div class=\"wp-block-column is-layout-flow wp-block-column-is-layout-flow\">\n<figure class=\"wp-block-image size-full\"><img loading=\"lazy\" decoding=\"async\" width=\"630\" height=\"500\" src=\"https:\/\/kumulusparagliding.com\/wp-content\/uploads\/2026\/03\/partner-or-friends-2.png\" alt=\"\" class=\"wp-image-4596\" srcset=\"https:\/\/kumulusparagliding.com\/wp-content\/uploads\/2026\/03\/partner-or-friends-2.png 630w, https:\/\/kumulusparagliding.com\/wp-content\/uploads\/2026\/03\/partner-or-friends-2-300x238.png 300w, https:\/\/kumulusparagliding.com\/wp-content\/uploads\/2026\/03\/partner-or-friends-2-600x476.png 600w\" sizes=\"auto, (max-width: 630px) 100vw, 630px\" \/><\/figure>\n<\/div>\n<\/div>\n\n\n\n<div class=\"wp-block-columns container pt-0 pb-0 is-layout-flex wp-container-core-columns-is-layout-9d6595d7 wp-block-columns-is-layout-flex\">\n<div class=\"wp-block-column is-layout-flow wp-block-column-is-layout-flow\">\n<figure class=\"wp-block-image size-full\"><img loading=\"lazy\" decoding=\"async\" width=\"630\" height=\"500\" src=\"https:\/\/kumulusparagliding.com\/wp-content\/uploads\/2026\/03\/guiding-in-bohinj-fotka-1.png\" alt=\"\" class=\"wp-image-4602\" srcset=\"https:\/\/kumulusparagliding.com\/wp-content\/uploads\/2026\/03\/guiding-in-bohinj-fotka-1.png 630w, https:\/\/kumulusparagliding.com\/wp-content\/uploads\/2026\/03\/guiding-in-bohinj-fotka-1-300x238.png 300w, https:\/\/kumulusparagliding.com\/wp-content\/uploads\/2026\/03\/guiding-in-bohinj-fotka-1-600x476.png 600w\" sizes=\"auto, (max-width: 630px) 100vw, 630px\" \/><\/figure>\n<\/div>\n\n\n\n<div class=\"wp-block-column is-vertically-aligned-center is-layout-flow wp-block-column-is-layout-flow\">\n<div class=\"wp-block-group is-vertical is-content-justification-left is-layout-flex wp-container-core-group-is-layout-41687461 wp-block-group-is-layout-flex\">\n<h2 class=\"wp-block-heading\"><strong>STRECKENFLUG (XC) IN DEN JULISCHEN ALPEN<\/strong><\/h2>\n\n\n\n<p>\ud83e\ude82 <strong>Wenn die Bedingungen passen, bietet das Gebiet Bohinj ein gro\u00dfes Streckenflugpotenzial.<\/strong> Von Startpl\u00e4tzen wie Vogel oder Vogar aus ist es m\u00f6glich, alpine Routen durch die Julischen Alpen zu erkunden \u2013 mit atemberaubenden Ausblicken auf die umliegenden Berge.<br>\ud83c\udf24\ufe0f <strong>Das gemeinsame Fliegen mit einem lokalen Piloten<\/strong> hilft Ihnen, den richtigen Zeitpunkt des Tages, thermische Ausl\u00f6ser und m\u00f6gliche Routen je nach Bedingungen besser einzusch\u00e4tzen \u2013 <strong>und erh\u00f6ht Ihre Chancen<\/strong>, einen guten XC-Tag optimal zu nutzen.<\/p>\n<\/div>\n<\/div>\n<\/div>\n\n\n\n<div class=\"wp-block-columns container pt-0 is-layout-flex wp-container-core-columns-is-layout-9d6595d7 wp-block-columns-is-layout-flex\">\n<div class=\"wp-block-column is-vertically-aligned-center is-layout-flow wp-block-column-is-layout-flow\">\n<div class=\"wp-block-group is-vertical is-content-justification-left is-layout-flex wp-container-core-group-is-layout-41687461 wp-block-group-is-layout-flex\">\n<h2 class=\"wp-block-heading\"><strong><strong>REISEN SIE MIT NICHT FLIEGENDEN PARTNERN ODER FREUNDEN?<\/strong><\/strong><\/h2>\n\n\n\n<p>Viele Piloten besuchen Bohinj mit Partnern oder Freunden, <strong>die selbst nicht fliegen<\/strong>. W\u00e4hrend diese einen Tandem-Gleitschirmflug genie\u00dfen, <strong>k\u00f6nnen Sie mit Ihrem eigenen Schirm fliegen<\/strong> und das Gebiet <strong>gemeinsam mit uns erkunden.<\/strong> So erleben alle zusammen einen besonderen Tag in der Luft.<\/p>\n<\/div>\n<\/div>\n\n\n\n<div class=\"wp-block-column is-layout-flow wp-block-column-is-layout-flow\">\n<figure class=\"wp-block-image size-full\"><img loading=\"lazy\" decoding=\"async\" width=\"630\" height=\"500\" src=\"https:\/\/kumulusparagliding.com\/wp-content\/uploads\/2026\/03\/parnet-or-friends-2-1.png\" alt=\"\" class=\"wp-image-4607\" srcset=\"https:\/\/kumulusparagliding.com\/wp-content\/uploads\/2026\/03\/parnet-or-friends-2-1.png 630w, https:\/\/kumulusparagliding.com\/wp-content\/uploads\/2026\/03\/parnet-or-friends-2-1-300x238.png 300w, https:\/\/kumulusparagliding.com\/wp-content\/uploads\/2026\/03\/parnet-or-friends-2-1-600x476.png 600w\" sizes=\"auto, (max-width: 630px) 100vw, 630px\" \/><\/figure>\n<\/div>\n<\/div>\n\n\n\n<div class=\"wp-block-group containerr has-background is-vertical is-content-justification-stretch is-layout-flex wp-container-core-group-is-layout-b16ad781 wp-block-group-is-layout-flex\" style=\"background-color:#f6f5f0\">\n<div class=\"wp-block-columns container what-we-offer is-layout-flex wp-container-core-columns-is-layout-9d6595d7 wp-block-columns-is-layout-flex\">\n<div class=\"wp-block-column is-vertically-aligned-stretch is-layout-flow wp-block-column-is-layout-flow\" style=\"flex-basis:50%\">\n<h2 class=\"wp-block-heading has-text-align-left\"><strong>WAS WIR BIETEN<\/strong><\/h2>\n\n\n\n<p>\u2708\ufe0f <strong><strong>Lokale Flugbegleitung<\/strong><\/strong><br>\ud83d\uddfa\ufe0f <strong><strong>Unterst\u00fctzung bei XC-Routen<\/strong><\/strong><br>\ud83e\ude82 Startplatzwahl je nach Bedingungen<br>\ud83e\udd1d Gemeinsames Fliegen w\u00e4hrend des Tages<br>\ud83c\udf24\ufe0f <strong><strong>Lokale Wetterkenntnisse<\/strong><\/strong><\/p>\n<\/div>\n\n\n\n<div class=\"wp-block-column is-vertically-aligned-top is-layout-flow wp-block-column-is-layout-flow\" style=\"flex-basis:50%\">\n<h2 class=\"wp-block-heading has-text-align-left\"><strong>F\u00dcR WEN IST ES GEEIGNET<\/strong><\/h2>\n\n\n\n<p>Dieses Erlebnis ist ideal f\u00fcr:<br>\ud83c\udf0d <strong>Besuchende Piloten<\/strong>, die zum ersten Mal in Slowenien fliegen<br>\ud83c\udfd4\ufe0f <strong><strong>Piloten, die ihr alpines Fliegen verbessern m\u00f6chten<\/strong><\/strong><br>\ud83e\udded <strong><strong>XC-Piloten, die die Julischen Alpen erkunden wollen<\/strong><\/strong><br>\ud83d\udc6b Piloten, <strong>die mit nicht fliegenden Partnern oder Freunden reisen<\/strong><\/p>\n<\/div>\n<\/div>\n<\/div>\n\n\n\n<h2 class=\"wp-block-heading has-text-align-center pt-10\">Kontakt<\/h2>\n\n\n\n<p class=\"has-text-align-center\">Bitte f\u00fcllen Sie das untenstehende Formular aus. Unser Team wird Sie in K\u00fcrze kontaktieren, um Details wie Bedingungen, Verf\u00fcgbarkeit und Optionen zu besprechen.<\/p>\n\n\n\n<div class=\"wp-block-group\"><div class=\"wp-block-group__inner-container is-layout-constrained wp-block-group-is-layout-constrained\">\n<div class=\"wpcf7 no-js\" id=\"wpcf7-f4742-o1\" lang=\"en-US\" dir=\"ltr\" data-wpcf7-id=\"4742\">\n<div class=\"screen-reader-response\"><p role=\"status\" aria-live=\"polite\" aria-atomic=\"true\"><\/p> <ul><\/ul><\/div>\n<form action=\"\/de\/wp-json\/wp\/v2\/pages\/4658#wpcf7-f4742-o1\" method=\"post\" class=\"wpcf7-form init\" aria-label=\"Contact form\" novalidate=\"novalidate\" data-status=\"init\">\n<fieldset class=\"hidden-fields-container\"><input type=\"hidden\" name=\"_wpcf7\" value=\"4742\" \/><input type=\"hidden\" name=\"_wpcf7_version\" value=\"6.1.5\" \/><input type=\"hidden\" name=\"_wpcf7_locale\" value=\"en_US\" \/><input type=\"hidden\" name=\"_wpcf7_unit_tag\" value=\"wpcf7-f4742-o1\" \/><input type=\"hidden\" name=\"_wpcf7_container_post\" value=\"0\" \/><input type=\"hidden\" name=\"_wpcf7_posted_data_hash\" value=\"\" \/>\n<\/fieldset>\n<div id=\"contact-form\" class=\"grid-base container pb-0\">\n\t<div class=\"col-start-1 col-span-5\">\n\t\t<p><label> Name<br \/>\n<span class=\"wpcf7-form-control-wrap\" data-name=\"your-name\"><input size=\"40\" maxlength=\"400\" class=\"wpcf7-form-control wpcf7-text wpcf7-validates-as-required\" autocomplete=\"name\" aria-required=\"true\" aria-invalid=\"false\" value=\"\" type=\"text\" name=\"your-name\" \/><\/span> <\/label><br \/>\n<label> Nachname<br \/>\n<span class=\"wpcf7-form-control-wrap\" data-name=\"last-name\"><input size=\"40\" maxlength=\"400\" class=\"wpcf7-form-control wpcf7-text wpcf7-validates-as-required\" autocomplete=\"las-name\" aria-required=\"true\" aria-invalid=\"false\" value=\"\" type=\"text\" name=\"last-name\" \/><\/span> <\/label><br \/>\n<label> E-mail<br \/>\n<span class=\"wpcf7-form-control-wrap\" data-name=\"your-email\"><input size=\"40\" maxlength=\"400\" class=\"wpcf7-form-control wpcf7-email wpcf7-validates-as-required wpcf7-text wpcf7-validates-as-email\" autocomplete=\"email\" aria-required=\"true\" aria-invalid=\"false\" value=\"\" type=\"email\" name=\"your-email\" \/><\/span> <\/label><br \/>\n<label> Telefon<br \/>\n<span class=\"wpcf7-form-control-wrap\" data-name=\"phonetext-865\"><input size=\"40\" class=\"wpcf7-form-control wpcf7-phonetext wpcf7-text wpcf7-validates-as-phonetext\" data-numberonly=\"true\" aria-invalid=\"false\" value=\"\" type=\"text\" name=\"phonetext-865\" \/><input type=\"hidden\" name=\"phonetext-865-country-code\" class=\"wpcf7-phonetext-country-code\" \/><\/span> <\/label>\n\t\t<\/p>\n\t<\/div>\n\t<div class=\"col-start-7 col-span-12\">\n\t\t<p>Gew\u00fcnschtes Erlebnis<br \/>\n<span class=\"wpcf7-form-control-wrap\" data-name=\"radio-364\"><span class=\"wpcf7-form-control wpcf7-radio\"><span class=\"wpcf7-list-item first\"><label><input type=\"radio\" name=\"radio-364\" value=\"Paragliding-Guiding in Bohinj\" \/><span class=\"wpcf7-list-item-label\">Paragliding-Guiding in Bohinj<\/span><\/label><\/span><span class=\"wpcf7-list-item\"><label><input type=\"radio\" name=\"radio-364\" value=\"Streckenflug (XC) in den Julischen Alpen\" \/><span class=\"wpcf7-list-item-label\">Streckenflug (XC) in den Julischen Alpen<\/span><\/label><\/span><span class=\"wpcf7-list-item last\"><label><input type=\"radio\" name=\"radio-364\" value=\"Reisen mit nicht fliegendem Partner oder Freund\" \/><span class=\"wpcf7-list-item-label\">Reisen mit nicht fliegendem Partner oder Freund<\/span><\/label><\/span><\/span><\/span><br \/>\n<label> Anzahl der besuchenden Piloten*<br \/>\n<span class=\"wpcf7-form-control-wrap\" data-name=\"number-637\"><input class=\"wpcf7-form-control wpcf7-number wpcf7-validates-as-number\" aria-invalid=\"false\" value=\"\" type=\"number\" name=\"number-637\" \/><\/span> <\/label>\n\t\t<\/p>\n\t\t<p><label> Gew\u00fcnschter Zeitraum*<br \/>\n<span class=\"wpcf7-form-control-wrap\" data-name=\"date-646\"><input class=\"wpcf7-form-control wpcf7-date wpcf7-validates-as-date\" aria-invalid=\"false\" value=\"\" type=\"date\" name=\"date-646\" \/><\/span> <\/label>\n\t\t<\/p>\n\t\t<div class=\"confirm-booking\">\n\t\t\t<p><input class=\"wpcf7-form-control wpcf7-submit has-spinner btn-primary\" type=\"submit\" value=\"Schicken\" \/>\n\t\t\t<\/p>\n\t\t<\/div>\n\t<\/div>\n<\/div><div class=\"wpcf7-response-output\" aria-hidden=\"true\"><\/div>\n<\/form>\n<\/div>\n\n<\/div><\/div>\n\n\n\n<div class=\"wp-block-cb-carousel-v2 cb-carousel-block container pt-0 pb-0\" data-cb-slides-per-view=\"1\" data-cb-slides-per-group=\"1\" data-cb-space-between=\"5\" data-cb-speed=\"300\" data-cb-navigation=\"true\" data-cb-pagination=\"true\" data-cb-loop=\"true\" data-cb-breakpoints=\"{&quot;768&quot;:{&quot;slidesPerView&quot;:3,&quot;slidesPerGroup&quot;:1}}\"><div class=\"swiper\"><div class=\"cb-wrapper swiper-wrapper\">\n<div class=\"wp-block-cb-slide-v2 cb-slide swiper-slide\">\n<figure class=\"wp-block-image size-full is-resized\"><img loading=\"lazy\" decoding=\"async\" width=\"405\" height=\"720\" src=\"https:\/\/kumulusparagliding.com\/wp-content\/uploads\/2026\/03\/IMG_5694-1.png\" alt=\"\" class=\"wp-image-4630\" style=\"width:410px\" srcset=\"https:\/\/kumulusparagliding.com\/wp-content\/uploads\/2026\/03\/IMG_5694-1.png 405w, https:\/\/kumulusparagliding.com\/wp-content\/uploads\/2026\/03\/IMG_5694-1-169x300.png 169w\" sizes=\"auto, (max-width: 405px) 100vw, 405px\" \/><\/figure>\n<\/div>\n\n\n\n<div class=\"wp-block-cb-slide-v2 cb-slide swiper-slide\">\n<figure class=\"wp-block-image size-full is-resized\"><img loading=\"lazy\" decoding=\"async\" width=\"405\" height=\"719\" src=\"https:\/\/kumulusparagliding.com\/wp-content\/uploads\/2026\/03\/IMG_5659-1.png\" alt=\"\" class=\"wp-image-4635\" style=\"width:410px\" srcset=\"https:\/\/kumulusparagliding.com\/wp-content\/uploads\/2026\/03\/IMG_5659-1.png 405w, https:\/\/kumulusparagliding.com\/wp-content\/uploads\/2026\/03\/IMG_5659-1-169x300.png 169w\" sizes=\"auto, (max-width: 405px) 100vw, 405px\" \/><\/figure>\n<\/div>\n\n\n\n<div class=\"wp-block-cb-slide-v2 cb-slide swiper-slide\">\n<figure class=\"wp-block-image size-full is-resized\"><img loading=\"lazy\" decoding=\"async\" width=\"405\" height=\"720\" src=\"https:\/\/kumulusparagliding.com\/wp-content\/uploads\/2026\/03\/IMG_5694-1.png\" alt=\"\" class=\"wp-image-4630\" style=\"width:410px\" srcset=\"https:\/\/kumulusparagliding.com\/wp-content\/uploads\/2026\/03\/IMG_5694-1.png 405w, https:\/\/kumulusparagliding.com\/wp-content\/uploads\/2026\/03\/IMG_5694-1-169x300.png 169w\" sizes=\"auto, (max-width: 405px) 100vw, 405px\" \/><\/figure>\n<\/div>\n\n\n\n<div class=\"wp-block-cb-slide-v2 cb-slide swiper-slide\">\n<figure class=\"wp-block-image size-full\"><img loading=\"lazy\" decoding=\"async\" width=\"405\" height=\"719\" src=\"https:\/\/kumulusparagliding.com\/wp-content\/uploads\/2026\/03\/IMG_5659-1.png\" alt=\"\" class=\"wp-image-4635\" srcset=\"https:\/\/kumulusparagliding.com\/wp-content\/uploads\/2026\/03\/IMG_5659-1.png 405w, https:\/\/kumulusparagliding.com\/wp-content\/uploads\/2026\/03\/IMG_5659-1-169x300.png 169w\" sizes=\"auto, (max-width: 405px) 100vw, 405px\" \/><\/figure>\n<\/div>\n\n\n\n<div class=\"wp-block-cb-slide-v2 cb-slide swiper-slide\">\n<figure class=\"wp-block-image size-full\"><img loading=\"lazy\" decoding=\"async\" width=\"405\" height=\"719\" src=\"https:\/\/kumulusparagliding.com\/wp-content\/uploads\/2026\/03\/IMG_5684-1.png\" alt=\"\" class=\"wp-image-4640\" srcset=\"https:\/\/kumulusparagliding.com\/wp-content\/uploads\/2026\/03\/IMG_5684-1.png 405w, https:\/\/kumulusparagliding.com\/wp-content\/uploads\/2026\/03\/IMG_5684-1-169x300.png 169w\" sizes=\"auto, (max-width: 405px) 100vw, 405px\" \/><\/figure>\n<\/div>\n<\/div><\/div><div class=\"cb-pagination swiper-pagination\"><\/div><div class=\"cb-button-prev swiper-button-prev\"><\/div><div class=\"cb-button-next swiper-button-next\"><\/div><\/div>\n","protected":false},"excerpt":{"rendered":"<p>PARAGLIDING-GUIDING IN BOHINJ \ud83c\udfd4 Bohinj ist eines der landschaftlich sch\u00f6nsten Gleitschirmfluggebiete in Slowenien. Umgeben von den Julischen Alpen und dominiert vom Triglav bietet es spektakul\u00e4res alpines Fliegen.\ud83e\ude82 Das Fliegen mit einem lokalen Piloten hilft Ihnen, das Gel\u00e4nde, die Wetterbedingungen und die typischen Flugrouten der Region besser zu verstehen.\ud83e\udd1d Anstatt zu raten, wohin es geht, fliegen [&#8230;]<\/p>\n<p><a class=\"btn btn-secondary understrap-read-more-link\" href=\"https:\/\/kumulusparagliding.com\/de\/guiding\/\">Weiterlesen&#8230;<\/a><\/p>\n","protected":false},"author":1,"featured_media":0,"parent":0,"menu_order":0,"comment_status":"closed","ping_status":"closed","template":"page-templates\/guiding.php","meta":{"_acf_changed":false,"footnotes":""},"class_list":["post-4658","page","type-page","status-publish","hentry"],"acf":[],"yoast_head":"<!-- This site is optimized with the Yoast SEO plugin v25.0 - https:\/\/yoast.com\/wordpress\/plugins\/seo\/ -->\n<title>F\u00fchrung - kumulus-paragliding<\/title>\n<meta name=\"robots\" content=\"index, follow, max-snippet:-1, max-image-preview:large, max-video-preview:-1\" \/>\n<link rel=\"canonical\" href=\"https:\/\/kumulusparagliding.com\/de\/guiding\/\" \/>\n<meta property=\"og:locale\" content=\"de_DE\" \/>\n<meta property=\"og:type\" content=\"article\" \/>\n<meta property=\"og:title\" content=\"F\u00fchrung - kumulus-paragliding\" \/>\n<meta property=\"og:description\" content=\"PARAGLIDING-GUIDING IN BOHINJ \ud83c\udfd4 Bohinj ist eines der landschaftlich sch\u00f6nsten Gleitschirmfluggebiete in Slowenien. Umgeben von den Julischen Alpen und dominiert vom Triglav bietet es spektakul\u00e4res alpines Fliegen.\ud83e\ude82 Das Fliegen mit einem lokalen Piloten hilft Ihnen, das Gel\u00e4nde, die Wetterbedingungen und die typischen Flugrouten der Region besser zu verstehen.\ud83e\udd1d Anstatt zu raten, wohin es geht, fliegen [...]Weiterlesen...\" \/>\n<meta property=\"og:url\" content=\"https:\/\/kumulusparagliding.com\/de\/guiding\/\" \/>\n<meta property=\"og:site_name\" content=\"kumulus-paragliding\" \/>\n<meta property=\"article:publisher\" content=\"https:\/\/www.facebook.com\/KumulusParagliding\/\" \/>\n<meta property=\"article:modified_time\" content=\"2026-04-25T10:01:59+00:00\" \/>\n<meta property=\"og:image\" content=\"https:\/\/kumulusparagliding.com\/wp-content\/uploads\/2026\/03\/partner-or-friends-2.png\" \/>\n\t<meta property=\"og:image:width\" content=\"630\" \/>\n\t<meta property=\"og:image:height\" content=\"500\" \/>\n\t<meta property=\"og:image:type\" content=\"image\/png\" \/>\n<meta name=\"twitter:card\" content=\"summary_large_image\" \/>\n<meta name=\"twitter:label1\" content=\"Gesch\u00e4tzte Lesezeit\" \/>\n\t<meta name=\"twitter:data1\" content=\"3\u00a0Minuten\" \/>\n<script type=\"application\/ld+json\" class=\"yoast-schema-graph\">{\"@context\":\"https:\/\/schema.org\",\"@graph\":[{\"@type\":\"WebPage\",\"@id\":\"https:\/\/kumulusparagliding.com\/de\/guiding\/\",\"url\":\"https:\/\/kumulusparagliding.com\/de\/guiding\/\",\"name\":\"F\u00fchrung - kumulus-paragliding\",\"isPartOf\":{\"@id\":\"https:\/\/kumulusparagliding.com\/#website\"},\"primaryImageOfPage\":{\"@id\":\"https:\/\/kumulusparagliding.com\/de\/guiding\/#primaryimage\"},\"image\":{\"@id\":\"https:\/\/kumulusparagliding.com\/de\/guiding\/#primaryimage\"},\"thumbnailUrl\":\"https:\/\/kumulusparagliding.com\/wp-content\/uploads\/2026\/03\/partner-or-friends-2.png\",\"datePublished\":\"2026-03-15T13:36:34+00:00\",\"dateModified\":\"2026-04-25T10:01:59+00:00\",\"breadcrumb\":{\"@id\":\"https:\/\/kumulusparagliding.com\/de\/guiding\/#breadcrumb\"},\"inLanguage\":\"de\",\"potentialAction\":[{\"@type\":\"ReadAction\",\"target\":[\"https:\/\/kumulusparagliding.com\/de\/guiding\/\"]}]},{\"@type\":\"ImageObject\",\"inLanguage\":\"de\",\"@id\":\"https:\/\/kumulusparagliding.com\/de\/guiding\/#primaryimage\",\"url\":\"https:\/\/kumulusparagliding.com\/wp-content\/uploads\/2026\/03\/partner-or-friends-2.png\",\"contentUrl\":\"https:\/\/kumulusparagliding.com\/wp-content\/uploads\/2026\/03\/partner-or-friends-2.png\"},{\"@type\":\"BreadcrumbList\",\"@id\":\"https:\/\/kumulusparagliding.com\/de\/guiding\/#breadcrumb\",\"itemListElement\":[{\"@type\":\"ListItem\",\"position\":1,\"name\":\"Home\",\"item\":\"https:\/\/kumulusparagliding.com\/de\/\"},{\"@type\":\"ListItem\",\"position\":2,\"name\":\"F\u00fchrung\"}]},{\"@type\":\"WebSite\",\"@id\":\"https:\/\/kumulusparagliding.com\/#website\",\"url\":\"https:\/\/kumulusparagliding.com\/\",\"name\":\"Kumulus Paragliding\",\"description\":\"\",\"publisher\":{\"@id\":\"https:\/\/kumulusparagliding.com\/#organization\"},\"potentialAction\":[{\"@type\":\"SearchAction\",\"target\":{\"@type\":\"EntryPoint\",\"urlTemplate\":\"https:\/\/kumulusparagliding.com\/?s={search_term_string}\"},\"query-input\":{\"@type\":\"PropertyValueSpecification\",\"valueRequired\":true,\"valueName\":\"search_term_string\"}}],\"inLanguage\":\"de\"},{\"@type\":\"Organization\",\"@id\":\"https:\/\/kumulusparagliding.com\/#organization\",\"name\":\"Kumulus paragliding\",\"url\":\"https:\/\/kumulusparagliding.com\/\",\"logo\":{\"@type\":\"ImageObject\",\"inLanguage\":\"de\",\"@id\":\"https:\/\/kumulusparagliding.com\/#\/schema\/logo\/image\/\",\"url\":\"https:\/\/kumulusparagliding.com\/wp-content\/uploads\/2023\/02\/Kumulus_logo_RGB-03.svg\",\"contentUrl\":\"https:\/\/kumulusparagliding.com\/wp-content\/uploads\/2023\/02\/Kumulus_logo_RGB-03.svg\",\"width\":1,\"height\":1,\"caption\":\"Kumulus paragliding\"},\"image\":{\"@id\":\"https:\/\/kumulusparagliding.com\/#\/schema\/logo\/image\/\"},\"sameAs\":[\"https:\/\/www.facebook.com\/KumulusParagliding\/\",\"https:\/\/www.instagram.com\/kumulus_paragliding\/\",\"https:\/\/www.tripadvisor.com\/Attraction_Review-g274865-d13943067-Reviews-Kumulus_Paragliding-Bohinjsko_Jezero_Upper_Carniola_Region.html\"]}]}<\/script>\n<!-- \/ Yoast SEO plugin. -->","yoast_head_json":{"title":"F\u00fchrung - kumulus-paragliding","robots":{"index":"index","follow":"follow","max-snippet":"max-snippet:-1","max-image-preview":"max-image-preview:large","max-video-preview":"max-video-preview:-1"},"canonical":"https:\/\/kumulusparagliding.com\/de\/guiding\/","og_locale":"de_DE","og_type":"article","og_title":"F\u00fchrung - kumulus-paragliding","og_description":"PARAGLIDING-GUIDING IN BOHINJ \ud83c\udfd4 Bohinj ist eines der landschaftlich sch\u00f6nsten Gleitschirmfluggebiete in Slowenien. Umgeben von den Julischen Alpen und dominiert vom Triglav bietet es spektakul\u00e4res alpines Fliegen.\ud83e\ude82 Das Fliegen mit einem lokalen Piloten hilft Ihnen, das Gel\u00e4nde, die Wetterbedingungen und die typischen Flugrouten der Region besser zu verstehen.\ud83e\udd1d Anstatt zu raten, wohin es geht, fliegen [...]Weiterlesen...","og_url":"https:\/\/kumulusparagliding.com\/de\/guiding\/","og_site_name":"kumulus-paragliding","article_publisher":"https:\/\/www.facebook.com\/KumulusParagliding\/","article_modified_time":"2026-04-25T10:01:59+00:00","og_image":[{"width":630,"height":500,"url":"https:\/\/kumulusparagliding.com\/wp-content\/uploads\/2026\/03\/partner-or-friends-2.png","type":"image\/png"}],"twitter_card":"summary_large_image","twitter_misc":{"Gesch\u00e4tzte Lesezeit":"3\u00a0Minuten"},"schema":{"@context":"https:\/\/schema.org","@graph":[{"@type":"WebPage","@id":"https:\/\/kumulusparagliding.com\/de\/guiding\/","url":"https:\/\/kumulusparagliding.com\/de\/guiding\/","name":"F\u00fchrung - kumulus-paragliding","isPartOf":{"@id":"https:\/\/kumulusparagliding.com\/#website"},"primaryImageOfPage":{"@id":"https:\/\/kumulusparagliding.com\/de\/guiding\/#primaryimage"},"image":{"@id":"https:\/\/kumulusparagliding.com\/de\/guiding\/#primaryimage"},"thumbnailUrl":"https:\/\/kumulusparagliding.com\/wp-content\/uploads\/2026\/03\/partner-or-friends-2.png","datePublished":"2026-03-15T13:36:34+00:00","dateModified":"2026-04-25T10:01:59+00:00","breadcrumb":{"@id":"https:\/\/kumulusparagliding.com\/de\/guiding\/#breadcrumb"},"inLanguage":"de","potentialAction":[{"@type":"ReadAction","target":["https:\/\/kumulusparagliding.com\/de\/guiding\/"]}]},{"@type":"ImageObject","inLanguage":"de","@id":"https:\/\/kumulusparagliding.com\/de\/guiding\/#primaryimage","url":"https:\/\/kumulusparagliding.com\/wp-content\/uploads\/2026\/03\/partner-or-friends-2.png","contentUrl":"https:\/\/kumulusparagliding.com\/wp-content\/uploads\/2026\/03\/partner-or-friends-2.png"},{"@type":"BreadcrumbList","@id":"https:\/\/kumulusparagliding.com\/de\/guiding\/#breadcrumb","itemListElement":[{"@type":"ListItem","position":1,"name":"Home","item":"https:\/\/kumulusparagliding.com\/de\/"},{"@type":"ListItem","position":2,"name":"F\u00fchrung"}]},{"@type":"WebSite","@id":"https:\/\/kumulusparagliding.com\/#website","url":"https:\/\/kumulusparagliding.com\/","name":"Kumulus Paragliding","description":"","publisher":{"@id":"https:\/\/kumulusparagliding.com\/#organization"},"potentialAction":[{"@type":"SearchAction","target":{"@type":"EntryPoint","urlTemplate":"https:\/\/kumulusparagliding.com\/?s={search_term_string}"},"query-input":{"@type":"PropertyValueSpecification","valueRequired":true,"valueName":"search_term_string"}}],"inLanguage":"de"},{"@type":"Organization","@id":"https:\/\/kumulusparagliding.com\/#organization","name":"Kumulus paragliding","url":"https:\/\/kumulusparagliding.com\/","logo":{"@type":"ImageObject","inLanguage":"de","@id":"https:\/\/kumulusparagliding.com\/#\/schema\/logo\/image\/","url":"https:\/\/kumulusparagliding.com\/wp-content\/uploads\/2023\/02\/Kumulus_logo_RGB-03.svg","contentUrl":"https:\/\/kumulusparagliding.com\/wp-content\/uploads\/2023\/02\/Kumulus_logo_RGB-03.svg","width":1,"height":1,"caption":"Kumulus paragliding"},"image":{"@id":"https:\/\/kumulusparagliding.com\/#\/schema\/logo\/image\/"},"sameAs":["https:\/\/www.facebook.com\/KumulusParagliding\/","https:\/\/www.instagram.com\/kumulus_paragliding\/","https:\/\/www.tripadvisor.com\/Attraction_Review-g274865-d13943067-Reviews-Kumulus_Paragliding-Bohinjsko_Jezero_Upper_Carniola_Region.html"]}]}},"_links":{"self":[{"href":"https:\/\/kumulusparagliding.com\/de\/wp-json\/wp\/v2\/pages\/4658","targetHints":{"allow":["GET"]}}],"collection":[{"href":"https:\/\/kumulusparagliding.com\/de\/wp-json\/wp\/v2\/pages"}],"about":[{"href":"https:\/\/kumulusparagliding.com\/de\/wp-json\/wp\/v2\/types\/page"}],"author":[{"embeddable":true,"href":"https:\/\/kumulusparagliding.com\/de\/wp-json\/wp\/v2\/users\/1"}],"replies":[{"embeddable":true,"href":"https:\/\/kumulusparagliding.com\/de\/wp-json\/wp\/v2\/comments?post=4658"}],"version-history":[{"count":5,"href":"https:\/\/kumulusparagliding.com\/de\/wp-json\/wp\/v2\/pages\/4658\/revisions"}],"predecessor-version":[{"id":5005,"href":"https:\/\/kumulusparagliding.com\/de\/wp-json\/wp\/v2\/pages\/4658\/revisions\/5005"}],"wp:attachment":[{"href":"https:\/\/kumulusparagliding.com\/de\/wp-json\/wp\/v2\/media?parent=4658"}],"curies":[{"name":"wp","href":"https:\/\/api.w.org\/{rel}","templated":true}]}}