{"id":4655,"date":"2026-03-15T13:36:34","date_gmt":"2026-03-15T13:36:34","guid":{"rendered":"https:\/\/kumulusparagliding.com\/guiding\/"},"modified":"2026-04-25T10:00:32","modified_gmt":"2026-04-25T10:00:32","slug":"guiding","status":"publish","type":"page","link":"https:\/\/kumulusparagliding.com\/fr\/guiding\/","title":{"rendered":"Guidage"},"content":{"rendered":"\n<div class=\"wp-block-columns container is-layout-flex wp-container-core-columns-is-layout-9d6595d7 wp-block-columns-is-layout-flex\">\n<div class=\"wp-block-column is-vertically-aligned-center is-layout-flow wp-block-column-is-layout-flow\">\n<div class=\"wp-block-group is-vertical is-content-justification-left is-layout-flex wp-container-core-group-is-layout-41687461 wp-block-group-is-layout-flex\">\n<h2 class=\"wp-block-heading\"><strong>GUIDING EN PARAPENTE \u00c0 BOHINJ<\/strong><\/h2>\n\n\n\n<p>\ud83c\udfd4 Bohinj est l\u2019une des r\u00e9gions de parapente les plus pittoresques de Slov\u00e9nie. <strong>Entour\u00e9e par les Alpes juliennes et domin\u00e9e par le mont Triglav, elle offre un vol de montagne spectaculaire.<\/strong><br>\ud83e\ude82 <strong>Voler avec un pilote local vous aide<\/strong> \u00e0 mieux comprendre le terrain, les conditions m\u00e9t\u00e9o et les itin\u00e9raires de vol typiques de la r\u00e9gion.<br>\ud83e\udd1d <strong>Au lieu de deviner o\u00f9 aller, nous volons ensemble, partageons nos connaissances locales de la r\u00e9gion de Bohinj et vous aidons \u00e0 d\u00e9couvrir les meilleures lignes des Alpes juliennes.<\/strong><\/p>\n<\/div>\n<\/div>\n\n\n\n<div class=\"wp-block-column is-layout-flow wp-block-column-is-layout-flow\">\n<figure class=\"wp-block-image size-full\"><img loading=\"lazy\" decoding=\"async\" width=\"630\" height=\"500\" src=\"https:\/\/kumulusparagliding.com\/wp-content\/uploads\/2026\/03\/partner-or-friends-2.png\" alt=\"\" class=\"wp-image-4596\" srcset=\"https:\/\/kumulusparagliding.com\/wp-content\/uploads\/2026\/03\/partner-or-friends-2.png 630w, https:\/\/kumulusparagliding.com\/wp-content\/uploads\/2026\/03\/partner-or-friends-2-300x238.png 300w, https:\/\/kumulusparagliding.com\/wp-content\/uploads\/2026\/03\/partner-or-friends-2-600x476.png 600w\" sizes=\"auto, (max-width: 630px) 100vw, 630px\" \/><\/figure>\n<\/div>\n<\/div>\n\n\n\n<div class=\"wp-block-columns container pt-0 pb-0 is-layout-flex wp-container-core-columns-is-layout-9d6595d7 wp-block-columns-is-layout-flex\">\n<div class=\"wp-block-column is-layout-flow wp-block-column-is-layout-flow\">\n<figure class=\"wp-block-image size-full\"><img loading=\"lazy\" decoding=\"async\" width=\"630\" height=\"500\" src=\"https:\/\/kumulusparagliding.com\/wp-content\/uploads\/2026\/03\/guiding-in-bohinj-fotka-1.png\" alt=\"\" class=\"wp-image-4602\" srcset=\"https:\/\/kumulusparagliding.com\/wp-content\/uploads\/2026\/03\/guiding-in-bohinj-fotka-1.png 630w, https:\/\/kumulusparagliding.com\/wp-content\/uploads\/2026\/03\/guiding-in-bohinj-fotka-1-300x238.png 300w, https:\/\/kumulusparagliding.com\/wp-content\/uploads\/2026\/03\/guiding-in-bohinj-fotka-1-600x476.png 600w\" sizes=\"auto, (max-width: 630px) 100vw, 630px\" \/><\/figure>\n<\/div>\n\n\n\n<div class=\"wp-block-column is-vertically-aligned-center is-layout-flow wp-block-column-is-layout-flow\">\n<div class=\"wp-block-group is-vertical is-content-justification-left is-layout-flex wp-container-core-group-is-layout-41687461 wp-block-group-is-layout-flex\">\n<h2 class=\"wp-block-heading\"><strong>VOL DE DISTANCE (XC) DANS LES ALPES JULIENNES<\/strong><\/h2>\n\n\n\n<p>\ud83e\ude82 <strong>Lorsque les conditions sont r\u00e9unies, la r\u00e9gion de Bohinj offre un excellent potentiel de vol de distance.<\/strong> Depuis des d\u00e9collages comme Vogel ou Vogar, il est possible d\u2019explorer des itin\u00e9raires alpins \u00e0 travers les Alpes juliennes, avec des vues \u00e0 couper le souffle sur les montagnes environnantes.<br>\ud83c\udf24\ufe0f <strong>Voler ensemble avec un pilote local<\/strong> vous permet de mieux comprendre le bon moment de la journ\u00e9e, les d\u00e9clencheurs thermiques et les itin\u00e9raires possibles selon les conditions \u2014 <strong>augmentant ainsi vos chances<\/strong> de tirer le meilleur parti d\u2019une bonne journ\u00e9e de XC.<\/p>\n<\/div>\n<\/div>\n<\/div>\n\n\n\n<div class=\"wp-block-columns container pt-0 is-layout-flex wp-container-core-columns-is-layout-9d6595d7 wp-block-columns-is-layout-flex\">\n<div class=\"wp-block-column is-vertically-aligned-center is-layout-flow wp-block-column-is-layout-flow\">\n<div class=\"wp-block-group is-vertical is-content-justification-left is-layout-flex wp-container-core-group-is-layout-41687461 wp-block-group-is-layout-flex\">\n<h2 class=\"wp-block-heading\"><strong><strong>VOUS VOYAGEZ AVEC UN PARTENAIRE OU DES AMIS NON VOLANTS ?<\/strong><\/strong><\/h2>\n\n\n\n<p>De nombreux pilotes visitent Bohinj avec des partenaires ou des amis <strong>qui ne volent pas eux-m\u00eames<\/strong>. Pendant qu\u2019ils profitent d\u2019un vol tandem en parapente, vous <strong>pouvez voler avec votre propre voile<\/strong> et explorer la r\u00e9gion <strong>avec nous.<\/strong> C\u2019est une excellente fa\u00e7on pour tout le monde de partager une journ\u00e9e inoubliable dans les airs.<\/p>\n<\/div>\n<\/div>\n\n\n\n<div class=\"wp-block-column is-layout-flow wp-block-column-is-layout-flow\">\n<figure class=\"wp-block-image size-full\"><img loading=\"lazy\" decoding=\"async\" width=\"630\" height=\"500\" src=\"https:\/\/kumulusparagliding.com\/wp-content\/uploads\/2026\/03\/parnet-or-friends-2-1.png\" alt=\"\" class=\"wp-image-4607\" srcset=\"https:\/\/kumulusparagliding.com\/wp-content\/uploads\/2026\/03\/parnet-or-friends-2-1.png 630w, https:\/\/kumulusparagliding.com\/wp-content\/uploads\/2026\/03\/parnet-or-friends-2-1-300x238.png 300w, https:\/\/kumulusparagliding.com\/wp-content\/uploads\/2026\/03\/parnet-or-friends-2-1-600x476.png 600w\" sizes=\"auto, (max-width: 630px) 100vw, 630px\" \/><\/figure>\n<\/div>\n<\/div>\n\n\n\n<div class=\"wp-block-group containerr has-background is-vertical is-content-justification-stretch is-layout-flex wp-container-core-group-is-layout-b16ad781 wp-block-group-is-layout-flex\" style=\"background-color:#f6f5f0\">\n<div class=\"wp-block-columns container what-we-offer is-layout-flex wp-container-core-columns-is-layout-9d6595d7 wp-block-columns-is-layout-flex\">\n<div class=\"wp-block-column is-vertically-aligned-stretch is-layout-flow wp-block-column-is-layout-flow\" style=\"flex-basis:50%\">\n<h2 class=\"wp-block-heading has-text-align-left\"><strong>CE QUE NOUS PROPOSONS<\/strong><\/h2>\n\n\n\n<p>\u2708\ufe0f <strong><strong>Guiding local en vol<\/strong><\/strong><br>\ud83d\uddfa\ufe0f <strong><strong>Soutien pour les itin\u00e9raires XC<\/strong><\/strong><br>\ud83e\ude82 Choix du d\u00e9collage en fonction des conditions<br>\ud83e\udd1d Vols partag\u00e9s tout au long de la journ\u00e9e<br>\ud83c\udf24\ufe0f <strong><strong>Connaissance locale de la m\u00e9t\u00e9o<\/strong><\/strong><\/p>\n<\/div>\n\n\n\n<div class=\"wp-block-column is-vertically-aligned-top is-layout-flow wp-block-column-is-layout-flow\" style=\"flex-basis:50%\">\n<h2 class=\"wp-block-heading has-text-align-left\"><strong>CONNAISSANCE LOCALE DE LA M\u00c9T\u00c9O<\/strong><\/h2>\n\n\n\n<p>Cette exp\u00e9rience est id\u00e9ale pour :<br>\ud83c\udf0d <strong>Les pilotes visiteurs<\/strong> volant en Slov\u00e9nie pour la premi\u00e8re fois<br>\ud83c\udfd4\ufe0f <strong><strong>Les pilotes souhaitant am\u00e9liorer leur vol de montagne<\/strong><\/strong><br>\ud83e\udded <strong><strong>Les pilotes XC explorant les Alpes juliennes<\/strong><\/strong><br>\ud83d\udc6b Les pilotes <strong>voyageant avec des partenaires ou des amis non volants<\/strong><br><\/p>\n<\/div>\n<\/div>\n<\/div>\n\n\n\n<h2 class=\"wp-block-heading has-text-align-center pt-10\">Contact<\/h2>\n\n\n\n<p class=\"has-text-align-center\">Merci de remplir le formulaire ci-dessous. Notre \u00e9quipe vous contactera rapidement afin de discuter des d\u00e9tails, notamment des conditions, des disponibilit\u00e9s et des options.<\/p>\n\n\n\n<div class=\"wp-block-group\"><div class=\"wp-block-group__inner-container is-layout-constrained wp-block-group-is-layout-constrained\">\n<div class=\"wpcf7 no-js\" id=\"wpcf7-f4741-o1\" lang=\"en-US\" dir=\"ltr\" data-wpcf7-id=\"4741\">\n<div class=\"screen-reader-response\"><p role=\"status\" aria-live=\"polite\" aria-atomic=\"true\"><\/p> <ul><\/ul><\/div>\n<form action=\"\/fr\/wp-json\/wp\/v2\/pages\/4655#wpcf7-f4741-o1\" method=\"post\" class=\"wpcf7-form init\" aria-label=\"Contact form\" novalidate=\"novalidate\" data-status=\"init\">\n<fieldset class=\"hidden-fields-container\"><input type=\"hidden\" name=\"_wpcf7\" value=\"4741\" \/><input type=\"hidden\" name=\"_wpcf7_version\" value=\"6.1.5\" \/><input type=\"hidden\" name=\"_wpcf7_locale\" value=\"en_US\" \/><input type=\"hidden\" name=\"_wpcf7_unit_tag\" value=\"wpcf7-f4741-o1\" \/><input type=\"hidden\" name=\"_wpcf7_container_post\" value=\"0\" \/><input type=\"hidden\" name=\"_wpcf7_posted_data_hash\" value=\"\" \/>\n<\/fieldset>\n<div id=\"contact-form\" class=\"grid-base container pb-0\">\n\t<div class=\"col-start-1 col-span-5\">\n\t\t<p><label> Pr\u00e9nom<br \/>\n<span class=\"wpcf7-form-control-wrap\" data-name=\"your-name\"><input size=\"40\" maxlength=\"400\" class=\"wpcf7-form-control wpcf7-text wpcf7-validates-as-required\" autocomplete=\"name\" aria-required=\"true\" aria-invalid=\"false\" value=\"\" type=\"text\" name=\"your-name\" \/><\/span> <\/label><br \/>\n<label> Nom<br \/>\n<span class=\"wpcf7-form-control-wrap\" data-name=\"last-name\"><input size=\"40\" maxlength=\"400\" class=\"wpcf7-form-control wpcf7-text wpcf7-validates-as-required\" autocomplete=\"las-name\" aria-required=\"true\" aria-invalid=\"false\" value=\"\" type=\"text\" name=\"last-name\" \/><\/span> <\/label><br \/>\n<label> E-mail<br \/>\n<span class=\"wpcf7-form-control-wrap\" data-name=\"your-email\"><input size=\"40\" maxlength=\"400\" class=\"wpcf7-form-control wpcf7-email wpcf7-validates-as-required wpcf7-text wpcf7-validates-as-email\" autocomplete=\"email\" aria-required=\"true\" aria-invalid=\"false\" value=\"\" type=\"email\" name=\"your-email\" \/><\/span> <\/label><br \/>\n<label> T\u00e9l\u00e9phone<br \/>\n<span class=\"wpcf7-form-control-wrap\" data-name=\"phonetext-865\"><input size=\"40\" class=\"wpcf7-form-control wpcf7-phonetext wpcf7-text wpcf7-validates-as-phonetext\" data-numberonly=\"true\" aria-invalid=\"false\" value=\"\" type=\"text\" name=\"phonetext-865\" \/><input type=\"hidden\" name=\"phonetext-865-country-code\" class=\"wpcf7-phonetext-country-code\" \/><\/span> <\/label>\n\t\t<\/p>\n\t<\/div>\n\t<div class=\"col-start-7 col-span-12\">\n\t\t<p>Exp\u00e9rience souhait\u00e9e<br \/>\n<span class=\"wpcf7-form-control-wrap\" data-name=\"radio-364\"><span class=\"wpcf7-form-control wpcf7-radio\"><span class=\"wpcf7-list-item first\"><label><input type=\"radio\" name=\"radio-364\" value=\"Guiding en parapente \u00e0 Bohinj\" \/><span class=\"wpcf7-list-item-label\">Guiding en parapente \u00e0 Bohinj<\/span><\/label><\/span><span class=\"wpcf7-list-item\"><label><input type=\"radio\" name=\"radio-364\" value=\"Vol de distance (XC) dans les Alpes juliennes\" \/><span class=\"wpcf7-list-item-label\">Vol de distance (XC) dans les Alpes juliennes<\/span><\/label><\/span><span class=\"wpcf7-list-item last\"><label><input type=\"radio\" name=\"radio-364\" value=\"Voyage avec un partenaire ou un ami non volant\" \/><span class=\"wpcf7-list-item-label\">Voyage avec un partenaire ou un ami non volant<\/span><\/label><\/span><\/span><\/span><br \/>\n<label> Nombre de pilotes visiteurs*<br \/>\n<span class=\"wpcf7-form-control-wrap\" data-name=\"number-637\"><input class=\"wpcf7-form-control wpcf7-number wpcf7-validates-as-number\" aria-invalid=\"false\" value=\"\" type=\"number\" name=\"number-637\" \/><\/span> <\/label>\n\t\t<\/p>\n\t\t<p><label> P\u00e9riode souhait\u00e9e*<br \/>\n<span class=\"wpcf7-form-control-wrap\" data-name=\"date-646\"><input class=\"wpcf7-form-control wpcf7-date wpcf7-validates-as-date\" aria-invalid=\"false\" value=\"\" type=\"date\" name=\"date-646\" \/><\/span> <\/label>\n\t\t<\/p>\n\t\t<div class=\"confirm-booking\">\n\t\t\t<p><input class=\"wpcf7-form-control wpcf7-submit has-spinner btn-primary\" type=\"submit\" value=\"Envoyer\" \/>\n\t\t\t<\/p>\n\t\t<\/div>\n\t<\/div>\n<\/div><div class=\"wpcf7-response-output\" aria-hidden=\"true\"><\/div>\n<\/form>\n<\/div>\n\n<\/div><\/div>\n\n\n\n<div class=\"wp-block-cb-carousel-v2 cb-carousel-block container pt-0 pb-0\" data-cb-slides-per-view=\"1\" data-cb-slides-per-group=\"1\" data-cb-space-between=\"5\" data-cb-speed=\"300\" data-cb-navigation=\"true\" data-cb-pagination=\"true\" data-cb-loop=\"true\" data-cb-breakpoints=\"{&quot;768&quot;:{&quot;slidesPerView&quot;:3,&quot;slidesPerGroup&quot;:1}}\"><div class=\"swiper\"><div class=\"cb-wrapper swiper-wrapper\">\n<div class=\"wp-block-cb-slide-v2 cb-slide swiper-slide\">\n<figure class=\"wp-block-image size-full is-resized\"><img loading=\"lazy\" decoding=\"async\" width=\"405\" height=\"720\" src=\"https:\/\/kumulusparagliding.com\/wp-content\/uploads\/2026\/03\/IMG_5694-1.png\" alt=\"\" class=\"wp-image-4630\" style=\"width:410px\" srcset=\"https:\/\/kumulusparagliding.com\/wp-content\/uploads\/2026\/03\/IMG_5694-1.png 405w, https:\/\/kumulusparagliding.com\/wp-content\/uploads\/2026\/03\/IMG_5694-1-169x300.png 169w\" sizes=\"auto, (max-width: 405px) 100vw, 405px\" \/><\/figure>\n<\/div>\n\n\n\n<div class=\"wp-block-cb-slide-v2 cb-slide swiper-slide\">\n<figure class=\"wp-block-image size-full is-resized\"><img loading=\"lazy\" decoding=\"async\" width=\"405\" height=\"719\" src=\"https:\/\/kumulusparagliding.com\/wp-content\/uploads\/2026\/03\/IMG_5659-1.png\" alt=\"\" class=\"wp-image-4635\" style=\"width:410px\" srcset=\"https:\/\/kumulusparagliding.com\/wp-content\/uploads\/2026\/03\/IMG_5659-1.png 405w, https:\/\/kumulusparagliding.com\/wp-content\/uploads\/2026\/03\/IMG_5659-1-169x300.png 169w\" sizes=\"auto, (max-width: 405px) 100vw, 405px\" \/><\/figure>\n<\/div>\n\n\n\n<div class=\"wp-block-cb-slide-v2 cb-slide swiper-slide\">\n<figure class=\"wp-block-image size-full is-resized\"><img loading=\"lazy\" decoding=\"async\" width=\"405\" height=\"720\" src=\"https:\/\/kumulusparagliding.com\/wp-content\/uploads\/2026\/03\/IMG_5694-1.png\" alt=\"\" class=\"wp-image-4630\" style=\"width:410px\" srcset=\"https:\/\/kumulusparagliding.com\/wp-content\/uploads\/2026\/03\/IMG_5694-1.png 405w, https:\/\/kumulusparagliding.com\/wp-content\/uploads\/2026\/03\/IMG_5694-1-169x300.png 169w\" sizes=\"auto, (max-width: 405px) 100vw, 405px\" \/><\/figure>\n<\/div>\n\n\n\n<div class=\"wp-block-cb-slide-v2 cb-slide swiper-slide\">\n<figure class=\"wp-block-image size-full\"><img loading=\"lazy\" decoding=\"async\" width=\"405\" height=\"719\" src=\"https:\/\/kumulusparagliding.com\/wp-content\/uploads\/2026\/03\/IMG_5659-1.png\" alt=\"\" class=\"wp-image-4635\" srcset=\"https:\/\/kumulusparagliding.com\/wp-content\/uploads\/2026\/03\/IMG_5659-1.png 405w, https:\/\/kumulusparagliding.com\/wp-content\/uploads\/2026\/03\/IMG_5659-1-169x300.png 169w\" sizes=\"auto, (max-width: 405px) 100vw, 405px\" \/><\/figure>\n<\/div>\n\n\n\n<div class=\"wp-block-cb-slide-v2 cb-slide swiper-slide\">\n<figure class=\"wp-block-image size-full\"><img loading=\"lazy\" decoding=\"async\" width=\"405\" height=\"719\" src=\"https:\/\/kumulusparagliding.com\/wp-content\/uploads\/2026\/03\/IMG_5684-1.png\" alt=\"\" class=\"wp-image-4640\" srcset=\"https:\/\/kumulusparagliding.com\/wp-content\/uploads\/2026\/03\/IMG_5684-1.png 405w, https:\/\/kumulusparagliding.com\/wp-content\/uploads\/2026\/03\/IMG_5684-1-169x300.png 169w\" sizes=\"auto, (max-width: 405px) 100vw, 405px\" \/><\/figure>\n<\/div>\n<\/div><\/div><div class=\"cb-pagination swiper-pagination\"><\/div><div class=\"cb-button-prev swiper-button-prev\"><\/div><div class=\"cb-button-next swiper-button-next\"><\/div><\/div>\n","protected":false},"excerpt":{"rendered":"<p>GUIDING EN PARAPENTE \u00c0 BOHINJ \ud83c\udfd4 Bohinj est l\u2019une des r\u00e9gions de parapente les plus pittoresques de Slov\u00e9nie. Entour\u00e9e par les Alpes juliennes et domin\u00e9e par le mont Triglav, elle offre un vol de montagne spectaculaire.\ud83e\ude82 Voler avec un pilote local vous aide \u00e0 mieux comprendre le terrain, les conditions m\u00e9t\u00e9o et les itin\u00e9raires de [&#8230;]<\/p>\n<p><a class=\"btn btn-secondary understrap-read-more-link\" href=\"https:\/\/kumulusparagliding.com\/fr\/guiding\/\">Lire la suite&#8230;<\/a><\/p>\n","protected":false},"author":1,"featured_media":0,"parent":0,"menu_order":0,"comment_status":"closed","ping_status":"closed","template":"page-templates\/guiding.php","meta":{"_acf_changed":false,"footnotes":""},"class_list":["post-4655","page","type-page","status-publish","hentry"],"acf":[],"yoast_head":"<!-- This site is optimized with the Yoast SEO plugin v25.0 - https:\/\/yoast.com\/wordpress\/plugins\/seo\/ -->\n<title>Guidage - kumulus-paragliding<\/title>\n<meta name=\"robots\" content=\"index, follow, max-snippet:-1, max-image-preview:large, max-video-preview:-1\" \/>\n<link rel=\"canonical\" href=\"https:\/\/kumulusparagliding.com\/fr\/guiding\/\" \/>\n<meta property=\"og:locale\" content=\"fr_FR\" \/>\n<meta property=\"og:type\" content=\"article\" \/>\n<meta property=\"og:title\" content=\"Guidage - kumulus-paragliding\" \/>\n<meta property=\"og:description\" content=\"GUIDING EN PARAPENTE \u00c0 BOHINJ \ud83c\udfd4 Bohinj est l\u2019une des r\u00e9gions de parapente les plus pittoresques de Slov\u00e9nie. Entour\u00e9e par les Alpes juliennes et domin\u00e9e par le mont Triglav, elle offre un vol de montagne spectaculaire.\ud83e\ude82 Voler avec un pilote local vous aide \u00e0 mieux comprendre le terrain, les conditions m\u00e9t\u00e9o et les itin\u00e9raires de [...]Lire la suite...\" \/>\n<meta property=\"og:url\" content=\"https:\/\/kumulusparagliding.com\/fr\/guiding\/\" \/>\n<meta property=\"og:site_name\" content=\"kumulus-paragliding\" \/>\n<meta property=\"article:publisher\" content=\"https:\/\/www.facebook.com\/KumulusParagliding\/\" \/>\n<meta property=\"article:modified_time\" content=\"2026-04-25T10:00:32+00:00\" \/>\n<meta property=\"og:image\" content=\"https:\/\/kumulusparagliding.com\/wp-content\/uploads\/2026\/03\/partner-or-friends-2.png\" \/>\n\t<meta property=\"og:image:width\" content=\"630\" \/>\n\t<meta property=\"og:image:height\" content=\"500\" \/>\n\t<meta property=\"og:image:type\" content=\"image\/png\" \/>\n<meta name=\"twitter:card\" content=\"summary_large_image\" \/>\n<meta name=\"twitter:label1\" content=\"Dur\u00e9e de lecture estim\u00e9e\" \/>\n\t<meta name=\"twitter:data1\" content=\"4 minutes\" \/>\n<script type=\"application\/ld+json\" class=\"yoast-schema-graph\">{\"@context\":\"https:\/\/schema.org\",\"@graph\":[{\"@type\":\"WebPage\",\"@id\":\"https:\/\/kumulusparagliding.com\/fr\/guiding\/\",\"url\":\"https:\/\/kumulusparagliding.com\/fr\/guiding\/\",\"name\":\"Guidage - kumulus-paragliding\",\"isPartOf\":{\"@id\":\"https:\/\/kumulusparagliding.com\/#website\"},\"primaryImageOfPage\":{\"@id\":\"https:\/\/kumulusparagliding.com\/fr\/guiding\/#primaryimage\"},\"image\":{\"@id\":\"https:\/\/kumulusparagliding.com\/fr\/guiding\/#primaryimage\"},\"thumbnailUrl\":\"https:\/\/kumulusparagliding.com\/wp-content\/uploads\/2026\/03\/partner-or-friends-2.png\",\"datePublished\":\"2026-03-15T13:36:34+00:00\",\"dateModified\":\"2026-04-25T10:00:32+00:00\",\"breadcrumb\":{\"@id\":\"https:\/\/kumulusparagliding.com\/fr\/guiding\/#breadcrumb\"},\"inLanguage\":\"fr-FR\",\"potentialAction\":[{\"@type\":\"ReadAction\",\"target\":[\"https:\/\/kumulusparagliding.com\/fr\/guiding\/\"]}]},{\"@type\":\"ImageObject\",\"inLanguage\":\"fr-FR\",\"@id\":\"https:\/\/kumulusparagliding.com\/fr\/guiding\/#primaryimage\",\"url\":\"https:\/\/kumulusparagliding.com\/wp-content\/uploads\/2026\/03\/partner-or-friends-2.png\",\"contentUrl\":\"https:\/\/kumulusparagliding.com\/wp-content\/uploads\/2026\/03\/partner-or-friends-2.png\"},{\"@type\":\"BreadcrumbList\",\"@id\":\"https:\/\/kumulusparagliding.com\/fr\/guiding\/#breadcrumb\",\"itemListElement\":[{\"@type\":\"ListItem\",\"position\":1,\"name\":\"Home\",\"item\":\"https:\/\/kumulusparagliding.com\/fr\/\"},{\"@type\":\"ListItem\",\"position\":2,\"name\":\"Guidage\"}]},{\"@type\":\"WebSite\",\"@id\":\"https:\/\/kumulusparagliding.com\/#website\",\"url\":\"https:\/\/kumulusparagliding.com\/\",\"name\":\"Kumulus Paragliding\",\"description\":\"\",\"publisher\":{\"@id\":\"https:\/\/kumulusparagliding.com\/#organization\"},\"potentialAction\":[{\"@type\":\"SearchAction\",\"target\":{\"@type\":\"EntryPoint\",\"urlTemplate\":\"https:\/\/kumulusparagliding.com\/?s={search_term_string}\"},\"query-input\":{\"@type\":\"PropertyValueSpecification\",\"valueRequired\":true,\"valueName\":\"search_term_string\"}}],\"inLanguage\":\"fr-FR\"},{\"@type\":\"Organization\",\"@id\":\"https:\/\/kumulusparagliding.com\/#organization\",\"name\":\"Kumulus paragliding\",\"url\":\"https:\/\/kumulusparagliding.com\/\",\"logo\":{\"@type\":\"ImageObject\",\"inLanguage\":\"fr-FR\",\"@id\":\"https:\/\/kumulusparagliding.com\/#\/schema\/logo\/image\/\",\"url\":\"https:\/\/kumulusparagliding.com\/wp-content\/uploads\/2023\/02\/Kumulus_logo_RGB-03.svg\",\"contentUrl\":\"https:\/\/kumulusparagliding.com\/wp-content\/uploads\/2023\/02\/Kumulus_logo_RGB-03.svg\",\"width\":1,\"height\":1,\"caption\":\"Kumulus paragliding\"},\"image\":{\"@id\":\"https:\/\/kumulusparagliding.com\/#\/schema\/logo\/image\/\"},\"sameAs\":[\"https:\/\/www.facebook.com\/KumulusParagliding\/\",\"https:\/\/www.instagram.com\/kumulus_paragliding\/\",\"https:\/\/www.tripadvisor.com\/Attraction_Review-g274865-d13943067-Reviews-Kumulus_Paragliding-Bohinjsko_Jezero_Upper_Carniola_Region.html\"]}]}<\/script>\n<!-- \/ Yoast SEO plugin. -->","yoast_head_json":{"title":"Guidage - kumulus-paragliding","robots":{"index":"index","follow":"follow","max-snippet":"max-snippet:-1","max-image-preview":"max-image-preview:large","max-video-preview":"max-video-preview:-1"},"canonical":"https:\/\/kumulusparagliding.com\/fr\/guiding\/","og_locale":"fr_FR","og_type":"article","og_title":"Guidage - kumulus-paragliding","og_description":"GUIDING EN PARAPENTE \u00c0 BOHINJ \ud83c\udfd4 Bohinj est l\u2019une des r\u00e9gions de parapente les plus pittoresques de Slov\u00e9nie. Entour\u00e9e par les Alpes juliennes et domin\u00e9e par le mont Triglav, elle offre un vol de montagne spectaculaire.\ud83e\ude82 Voler avec un pilote local vous aide \u00e0 mieux comprendre le terrain, les conditions m\u00e9t\u00e9o et les itin\u00e9raires de [...]Lire la suite...","og_url":"https:\/\/kumulusparagliding.com\/fr\/guiding\/","og_site_name":"kumulus-paragliding","article_publisher":"https:\/\/www.facebook.com\/KumulusParagliding\/","article_modified_time":"2026-04-25T10:00:32+00:00","og_image":[{"width":630,"height":500,"url":"https:\/\/kumulusparagliding.com\/wp-content\/uploads\/2026\/03\/partner-or-friends-2.png","type":"image\/png"}],"twitter_card":"summary_large_image","twitter_misc":{"Dur\u00e9e de lecture estim\u00e9e":"4 minutes"},"schema":{"@context":"https:\/\/schema.org","@graph":[{"@type":"WebPage","@id":"https:\/\/kumulusparagliding.com\/fr\/guiding\/","url":"https:\/\/kumulusparagliding.com\/fr\/guiding\/","name":"Guidage - kumulus-paragliding","isPartOf":{"@id":"https:\/\/kumulusparagliding.com\/#website"},"primaryImageOfPage":{"@id":"https:\/\/kumulusparagliding.com\/fr\/guiding\/#primaryimage"},"image":{"@id":"https:\/\/kumulusparagliding.com\/fr\/guiding\/#primaryimage"},"thumbnailUrl":"https:\/\/kumulusparagliding.com\/wp-content\/uploads\/2026\/03\/partner-or-friends-2.png","datePublished":"2026-03-15T13:36:34+00:00","dateModified":"2026-04-25T10:00:32+00:00","breadcrumb":{"@id":"https:\/\/kumulusparagliding.com\/fr\/guiding\/#breadcrumb"},"inLanguage":"fr-FR","potentialAction":[{"@type":"ReadAction","target":["https:\/\/kumulusparagliding.com\/fr\/guiding\/"]}]},{"@type":"ImageObject","inLanguage":"fr-FR","@id":"https:\/\/kumulusparagliding.com\/fr\/guiding\/#primaryimage","url":"https:\/\/kumulusparagliding.com\/wp-content\/uploads\/2026\/03\/partner-or-friends-2.png","contentUrl":"https:\/\/kumulusparagliding.com\/wp-content\/uploads\/2026\/03\/partner-or-friends-2.png"},{"@type":"BreadcrumbList","@id":"https:\/\/kumulusparagliding.com\/fr\/guiding\/#breadcrumb","itemListElement":[{"@type":"ListItem","position":1,"name":"Home","item":"https:\/\/kumulusparagliding.com\/fr\/"},{"@type":"ListItem","position":2,"name":"Guidage"}]},{"@type":"WebSite","@id":"https:\/\/kumulusparagliding.com\/#website","url":"https:\/\/kumulusparagliding.com\/","name":"Kumulus Paragliding","description":"","publisher":{"@id":"https:\/\/kumulusparagliding.com\/#organization"},"potentialAction":[{"@type":"SearchAction","target":{"@type":"EntryPoint","urlTemplate":"https:\/\/kumulusparagliding.com\/?s={search_term_string}"},"query-input":{"@type":"PropertyValueSpecification","valueRequired":true,"valueName":"search_term_string"}}],"inLanguage":"fr-FR"},{"@type":"Organization","@id":"https:\/\/kumulusparagliding.com\/#organization","name":"Kumulus paragliding","url":"https:\/\/kumulusparagliding.com\/","logo":{"@type":"ImageObject","inLanguage":"fr-FR","@id":"https:\/\/kumulusparagliding.com\/#\/schema\/logo\/image\/","url":"https:\/\/kumulusparagliding.com\/wp-content\/uploads\/2023\/02\/Kumulus_logo_RGB-03.svg","contentUrl":"https:\/\/kumulusparagliding.com\/wp-content\/uploads\/2023\/02\/Kumulus_logo_RGB-03.svg","width":1,"height":1,"caption":"Kumulus paragliding"},"image":{"@id":"https:\/\/kumulusparagliding.com\/#\/schema\/logo\/image\/"},"sameAs":["https:\/\/www.facebook.com\/KumulusParagliding\/","https:\/\/www.instagram.com\/kumulus_paragliding\/","https:\/\/www.tripadvisor.com\/Attraction_Review-g274865-d13943067-Reviews-Kumulus_Paragliding-Bohinjsko_Jezero_Upper_Carniola_Region.html"]}]}},"_links":{"self":[{"href":"https:\/\/kumulusparagliding.com\/fr\/wp-json\/wp\/v2\/pages\/4655","targetHints":{"allow":["GET"]}}],"collection":[{"href":"https:\/\/kumulusparagliding.com\/fr\/wp-json\/wp\/v2\/pages"}],"about":[{"href":"https:\/\/kumulusparagliding.com\/fr\/wp-json\/wp\/v2\/types\/page"}],"author":[{"embeddable":true,"href":"https:\/\/kumulusparagliding.com\/fr\/wp-json\/wp\/v2\/users\/1"}],"replies":[{"embeddable":true,"href":"https:\/\/kumulusparagliding.com\/fr\/wp-json\/wp\/v2\/comments?post=4655"}],"version-history":[{"count":5,"href":"https:\/\/kumulusparagliding.com\/fr\/wp-json\/wp\/v2\/pages\/4655\/revisions"}],"predecessor-version":[{"id":5003,"href":"https:\/\/kumulusparagliding.com\/fr\/wp-json\/wp\/v2\/pages\/4655\/revisions\/5003"}],"wp:attachment":[{"href":"https:\/\/kumulusparagliding.com\/fr\/wp-json\/wp\/v2\/media?parent=4655"}],"curies":[{"name":"wp","href":"https:\/\/api.w.org\/{rel}","templated":true}]}}