{"id":4661,"date":"2026-03-15T13:36:34","date_gmt":"2026-03-15T13:36:34","guid":{"rendered":"https:\/\/kumulusparagliding.com\/guiding\/"},"modified":"2026-04-25T10:02:49","modified_gmt":"2026-04-25T10:02:49","slug":"guiding","status":"publish","type":"page","link":"https:\/\/kumulusparagliding.com\/sl\/guiding\/","title":{"rendered":"Vodenje"},"content":{"rendered":"\n<div class=\"wp-block-columns container is-layout-flex wp-container-core-columns-is-layout-9d6595d7 wp-block-columns-is-layout-flex\">\n<div class=\"wp-block-column is-vertically-aligned-center is-layout-flow wp-block-column-is-layout-flow\">\n<div class=\"wp-block-group is-vertical is-content-justification-left is-layout-flex wp-container-core-group-is-layout-41687461 wp-block-group-is-layout-flex\">\n<h2 class=\"wp-block-heading\">PARAGLIDING GUIDING V BOHINJU<\/h2>\n\n\n\n<p>\ud83c\udfd4 <strong>Bohinj je eno najbolj slikovitih obmo\u010dij za jadralno padalstvo v Sloveniji<\/strong>. Obdan z Julijskimi Alpami in pod Triglavom ponuja izjemno gorsko letenje.<br>\ud83e\ude82 Letenje z lokalnim pilotom <strong>vam pomaga bolje razumeti<\/strong> teren, vremenske posebnosti in tipi\u010dne letalne rute obmo\u010dja.<br>\ud83e\udd1d Namesto da ugibate, kam leteti, letimo skupaj, delimo lokalno znanje o obmo\u010dju Bohinja in vam pomagamo odkriti najbolj\u0161e prelete v Julijskih Alpah.<\/p>\n<\/div>\n<\/div>\n\n\n\n<div class=\"wp-block-column is-layout-flow wp-block-column-is-layout-flow\">\n<figure class=\"wp-block-image size-full\"><img loading=\"lazy\" decoding=\"async\" width=\"630\" height=\"500\" src=\"https:\/\/kumulusparagliding.com\/wp-content\/uploads\/2026\/03\/partner-or-friends-2.png\" alt=\"\" class=\"wp-image-4596\" srcset=\"https:\/\/kumulusparagliding.com\/wp-content\/uploads\/2026\/03\/partner-or-friends-2.png 630w, https:\/\/kumulusparagliding.com\/wp-content\/uploads\/2026\/03\/partner-or-friends-2-300x238.png 300w, https:\/\/kumulusparagliding.com\/wp-content\/uploads\/2026\/03\/partner-or-friends-2-600x476.png 600w\" sizes=\"auto, (max-width: 630px) 100vw, 630px\" \/><\/figure>\n<\/div>\n<\/div>\n\n\n\n<div class=\"wp-block-columns container pt-0 pb-0 is-layout-flex wp-container-core-columns-is-layout-9d6595d7 wp-block-columns-is-layout-flex\">\n<div class=\"wp-block-column is-layout-flow wp-block-column-is-layout-flow\">\n<figure class=\"wp-block-image size-full\"><img loading=\"lazy\" decoding=\"async\" width=\"630\" height=\"500\" src=\"https:\/\/kumulusparagliding.com\/wp-content\/uploads\/2026\/03\/guiding-in-bohinj-fotka-1.png\" alt=\"\" class=\"wp-image-4602\" srcset=\"https:\/\/kumulusparagliding.com\/wp-content\/uploads\/2026\/03\/guiding-in-bohinj-fotka-1.png 630w, https:\/\/kumulusparagliding.com\/wp-content\/uploads\/2026\/03\/guiding-in-bohinj-fotka-1-300x238.png 300w, https:\/\/kumulusparagliding.com\/wp-content\/uploads\/2026\/03\/guiding-in-bohinj-fotka-1-600x476.png 600w\" sizes=\"auto, (max-width: 630px) 100vw, 630px\" \/><\/figure>\n<\/div>\n\n\n\n<div class=\"wp-block-column is-vertically-aligned-center is-layout-flow wp-block-column-is-layout-flow\">\n<div class=\"wp-block-group is-vertical is-content-justification-left is-layout-flex wp-container-core-group-is-layout-41687461 wp-block-group-is-layout-flex\">\n<h2 class=\"wp-block-heading\"><strong>XC PRELETI V JULIJSKIH ALPAH<\/strong><\/h2>\n\n\n\n<p>\ud83e\ude82 Ko se pogoji poklopijo, <strong>obmo\u010dje Bohinja ponuja odli\u010dne mo\u017enosti za XC letenje<\/strong>.<br>\ud83c\udf24\ufe0f Z vzleti\u0161\u010d, kot sta Vogel ali Vogar, je mogo\u010de raziskovati okolico in leteti v Julijske Alpe z dih jemajo\u010dimi razgledi.Letenje skupaj <strong>z lokalnim pilotom<\/strong> vam pomaga bolje razumeti kako izkoristiti dan, kje so \u201cde\u017eurni\u201d stebri in mo\u017eni preleti glede na razmere \u2014 kar <strong>pove\u010da mo\u017enosti za dober XC dan<\/strong>.<\/p>\n<\/div>\n<\/div>\n<\/div>\n\n\n\n<div class=\"wp-block-columns container pt-0 is-layout-flex wp-container-core-columns-is-layout-9d6595d7 wp-block-columns-is-layout-flex\">\n<div class=\"wp-block-column is-vertically-aligned-center is-layout-flow wp-block-column-is-layout-flow\">\n<div class=\"wp-block-group is-vertical is-content-justification-left is-layout-flex wp-container-core-group-is-layout-41687461 wp-block-group-is-layout-flex\">\n<h2 class=\"wp-block-heading\"><strong><strong>POTUJETE S PARTNERJEM ALI PRIJATELJI, KI NE LETIJO?<\/strong><\/strong><\/h2>\n\n\n\n<p>Mnogi piloti obi\u0161\u010dejo Bohinj s partnerji ali prijatelji, <strong>ki sami ne letijo<\/strong>.<\/p>\n\n\n\n<p>Medtem ko oni u\u017eivajo v tandemski izku\u0161nji, lahko vi <strong>letite s svojim padalom<\/strong> in<strong> skupaj<\/strong> z nami raziskujete obmo\u010dje.<\/p>\n\n\n\n<p>Odli\u010den na\u010din, da vsi skupaj do\u017eivite dan v zraku.<\/p>\n<\/div>\n<\/div>\n\n\n\n<div class=\"wp-block-column is-layout-flow wp-block-column-is-layout-flow\">\n<figure class=\"wp-block-image size-full\"><img loading=\"lazy\" decoding=\"async\" width=\"630\" height=\"500\" src=\"https:\/\/kumulusparagliding.com\/wp-content\/uploads\/2026\/03\/parnet-or-friends-2-1.png\" alt=\"\" class=\"wp-image-4607\" srcset=\"https:\/\/kumulusparagliding.com\/wp-content\/uploads\/2026\/03\/parnet-or-friends-2-1.png 630w, https:\/\/kumulusparagliding.com\/wp-content\/uploads\/2026\/03\/parnet-or-friends-2-1-300x238.png 300w, https:\/\/kumulusparagliding.com\/wp-content\/uploads\/2026\/03\/parnet-or-friends-2-1-600x476.png 600w\" sizes=\"auto, (max-width: 630px) 100vw, 630px\" \/><\/figure>\n<\/div>\n<\/div>\n\n\n\n<div class=\"wp-block-group containerr has-background is-vertical is-content-justification-stretch is-layout-flex wp-container-core-group-is-layout-b16ad781 wp-block-group-is-layout-flex\" style=\"background-color:#f6f5f0\">\n<div class=\"wp-block-columns container what-we-offer is-layout-flex wp-container-core-columns-is-layout-9d6595d7 wp-block-columns-is-layout-flex\">\n<div class=\"wp-block-column is-vertically-aligned-stretch is-layout-flow wp-block-column-is-layout-flow\" style=\"flex-basis:50%\">\n<h2 class=\"wp-block-heading has-text-align-left\">WHAT WE OFFER<\/h2>\n\n\n\n<p>\u2708\ufe0f <strong>Local flying guidance<\/strong><br>\ud83d\uddfa\ufe0f <strong>XC route support<\/strong><br>\ud83e\ude82 Take-off selection based on conditions<br>\ud83e\udd1d Flying together during the day<br>\ud83c\udf24\ufe0f <strong>Local weather insight<\/strong><\/p>\n<\/div>\n\n\n\n<div class=\"wp-block-column is-vertically-aligned-top is-layout-flow wp-block-column-is-layout-flow\" style=\"flex-basis:50%\">\n<h2 class=\"wp-block-heading has-text-align-left\">WHO IS IT FOR<\/h2>\n\n\n\n<p>This experience is ideal for:<br>\ud83c\udf0d <strong>Visiting pilots<\/strong> flying in Slovenia for the first time<br>\ud83c\udfd4\ufe0f <strong>Pilots wanting to improve their mountain flying<\/strong><br>\ud83e\udded <strong>XC pilots exploring the Julian Alps<\/strong><br>\ud83d\udc6b Pilots &nbsp;<strong>traveling with non\u2011flying partners or friends<\/strong><\/p>\n<\/div>\n<\/div>\n<\/div>\n\n\n\n<h2 class=\"wp-block-heading has-text-align-center pt-10\">Kontaktirajte nas<\/h2>\n\n\n\n<p class=\"has-text-align-center\">Prosimo, izpolnite spodnji obrazec. Na\u0161a ekipa vas bo v kratkem kontaktirala, da se dogovorimo o podrobnostih, vklju\u010dno s pogoji, razpolo\u017eljivostjo in mo\u017enostmi.<\/p>\n\n\n\n<div class=\"wp-block-group\"><div class=\"wp-block-group__inner-container is-layout-constrained wp-block-group-is-layout-constrained\">\n<div class=\"wpcf7 no-js\" id=\"wpcf7-f4743-o1\" lang=\"en-US\" dir=\"ltr\" data-wpcf7-id=\"4743\">\n<div class=\"screen-reader-response\"><p role=\"status\" aria-live=\"polite\" aria-atomic=\"true\"><\/p> <ul><\/ul><\/div>\n<form action=\"\/sl\/wp-json\/wp\/v2\/pages\/4661#wpcf7-f4743-o1\" method=\"post\" class=\"wpcf7-form init\" aria-label=\"Contact form\" novalidate=\"novalidate\" data-status=\"init\">\n<fieldset class=\"hidden-fields-container\"><input type=\"hidden\" name=\"_wpcf7\" value=\"4743\" \/><input type=\"hidden\" name=\"_wpcf7_version\" value=\"6.1.5\" \/><input type=\"hidden\" name=\"_wpcf7_locale\" value=\"en_US\" \/><input type=\"hidden\" name=\"_wpcf7_unit_tag\" value=\"wpcf7-f4743-o1\" \/><input type=\"hidden\" name=\"_wpcf7_container_post\" value=\"0\" \/><input type=\"hidden\" name=\"_wpcf7_posted_data_hash\" value=\"\" \/>\n<\/fieldset>\n<div id=\"contact-form\" class=\"grid-base container pb-0\">\n\t<div class=\"col-start-1 col-span-5\">\n\t\t<p><label> Ime<br \/>\n<span class=\"wpcf7-form-control-wrap\" data-name=\"your-name\"><input size=\"40\" maxlength=\"400\" class=\"wpcf7-form-control wpcf7-text wpcf7-validates-as-required\" autocomplete=\"name\" aria-required=\"true\" aria-invalid=\"false\" value=\"\" type=\"text\" name=\"your-name\" \/><\/span> <\/label><br \/>\n<label> Priimek<br \/>\n<span class=\"wpcf7-form-control-wrap\" data-name=\"last-name\"><input size=\"40\" maxlength=\"400\" class=\"wpcf7-form-control wpcf7-text wpcf7-validates-as-required\" autocomplete=\"las-name\" aria-required=\"true\" aria-invalid=\"false\" value=\"\" type=\"text\" name=\"last-name\" \/><\/span> <\/label><br \/>\n<label> E-mail<br \/>\n<span class=\"wpcf7-form-control-wrap\" data-name=\"your-email\"><input size=\"40\" maxlength=\"400\" class=\"wpcf7-form-control wpcf7-email wpcf7-validates-as-required wpcf7-text wpcf7-validates-as-email\" autocomplete=\"email\" aria-required=\"true\" aria-invalid=\"false\" value=\"\" type=\"email\" name=\"your-email\" \/><\/span> <\/label><br \/>\n<label> Telefon<br \/>\n<span class=\"wpcf7-form-control-wrap\" data-name=\"phonetext-865\"><input size=\"40\" class=\"wpcf7-form-control wpcf7-phonetext wpcf7-text wpcf7-validates-as-phonetext\" data-numberonly=\"true\" aria-invalid=\"false\" value=\"\" type=\"text\" name=\"phonetext-865\" \/><input type=\"hidden\" name=\"phonetext-865-country-code\" class=\"wpcf7-phonetext-country-code\" \/><\/span> <\/label>\n\t\t<\/p>\n\t<\/div>\n\t<div class=\"col-start-7 col-span-12\">\n\t\t<p>\u017delena izku\u0161nja<br \/>\n<span class=\"wpcf7-form-control-wrap\" data-name=\"radio-364\"><span class=\"wpcf7-form-control wpcf7-radio\"><span class=\"wpcf7-list-item first\"><label><input type=\"radio\" name=\"radio-364\" value=\"PARAGLIDING GUIDING V BOHINJU\" \/><span class=\"wpcf7-list-item-label\">PARAGLIDING GUIDING V BOHINJU<\/span><\/label><\/span><span class=\"wpcf7-list-item\"><label><input type=\"radio\" name=\"radio-364\" value=\"XC PRELETI V JULIJSKIH ALPAH\" \/><span class=\"wpcf7-list-item-label\">XC PRELETI V JULIJSKIH ALPAH<\/span><\/label><\/span><span class=\"wpcf7-list-item last\"><label><input type=\"radio\" name=\"radio-364\" value=\"POTUJETE S PARTNERJEM ALI PRIJATELJI, KI NE LETIJO?\" \/><span class=\"wpcf7-list-item-label\">POTUJETE S PARTNERJEM ALI PRIJATELJI, KI NE LETIJO?<\/span><\/label><\/span><\/span><\/span><br \/>\n<label> \u0160tevilo gostujo\u010dih pilotov*<br \/>\n<span class=\"wpcf7-form-control-wrap\" data-name=\"number-637\"><input class=\"wpcf7-form-control wpcf7-number wpcf7-validates-as-number\" aria-invalid=\"false\" value=\"\" type=\"number\" name=\"number-637\" \/><\/span> <\/label>\n\t\t<\/p>\n\t\t<p><label> \u017deleni termin*<br \/>\n<span class=\"wpcf7-form-control-wrap\" data-name=\"date-646\"><input class=\"wpcf7-form-control wpcf7-date wpcf7-validates-as-date\" aria-invalid=\"false\" value=\"\" type=\"date\" name=\"date-646\" \/><\/span> <\/label>\n\t\t<\/p>\n\t\t<div class=\"confirm-booking\">\n\t\t\t<p><input class=\"wpcf7-form-control wpcf7-submit has-spinner btn-primary\" type=\"submit\" value=\"Po\u0161lji\" \/>\n\t\t\t<\/p>\n\t\t<\/div>\n\t<\/div>\n<\/div><div class=\"wpcf7-response-output\" aria-hidden=\"true\"><\/div>\n<\/form>\n<\/div>\n\n<\/div><\/div>\n\n\n\n<div class=\"wp-block-cb-carousel-v2 cb-carousel-block container pt-0 pb-0\" data-cb-slides-per-view=\"1\" data-cb-slides-per-group=\"1\" data-cb-space-between=\"5\" data-cb-speed=\"300\" data-cb-navigation=\"true\" data-cb-pagination=\"true\" data-cb-loop=\"true\" data-cb-breakpoints=\"{&quot;768&quot;:{&quot;slidesPerView&quot;:3,&quot;slidesPerGroup&quot;:1}}\"><div class=\"swiper\"><div class=\"cb-wrapper swiper-wrapper\">\n<div class=\"wp-block-cb-slide-v2 cb-slide swiper-slide\">\n<figure class=\"wp-block-image size-full is-resized\"><img loading=\"lazy\" decoding=\"async\" width=\"405\" height=\"720\" src=\"https:\/\/kumulusparagliding.com\/wp-content\/uploads\/2026\/03\/IMG_5694-1.png\" alt=\"\" class=\"wp-image-4630\" style=\"width:410px\" srcset=\"https:\/\/kumulusparagliding.com\/wp-content\/uploads\/2026\/03\/IMG_5694-1.png 405w, https:\/\/kumulusparagliding.com\/wp-content\/uploads\/2026\/03\/IMG_5694-1-169x300.png 169w\" sizes=\"auto, (max-width: 405px) 100vw, 405px\" \/><\/figure>\n<\/div>\n\n\n\n<div class=\"wp-block-cb-slide-v2 cb-slide swiper-slide\">\n<figure class=\"wp-block-image size-full is-resized\"><img loading=\"lazy\" decoding=\"async\" width=\"405\" height=\"719\" src=\"https:\/\/kumulusparagliding.com\/wp-content\/uploads\/2026\/03\/IMG_5659-1.png\" alt=\"\" class=\"wp-image-4635\" style=\"width:410px\" srcset=\"https:\/\/kumulusparagliding.com\/wp-content\/uploads\/2026\/03\/IMG_5659-1.png 405w, https:\/\/kumulusparagliding.com\/wp-content\/uploads\/2026\/03\/IMG_5659-1-169x300.png 169w\" sizes=\"auto, (max-width: 405px) 100vw, 405px\" \/><\/figure>\n<\/div>\n\n\n\n<div class=\"wp-block-cb-slide-v2 cb-slide swiper-slide\">\n<figure class=\"wp-block-image size-full is-resized\"><img loading=\"lazy\" decoding=\"async\" width=\"405\" height=\"720\" src=\"https:\/\/kumulusparagliding.com\/wp-content\/uploads\/2026\/03\/IMG_5694-1.png\" alt=\"\" class=\"wp-image-4630\" style=\"width:410px\" srcset=\"https:\/\/kumulusparagliding.com\/wp-content\/uploads\/2026\/03\/IMG_5694-1.png 405w, https:\/\/kumulusparagliding.com\/wp-content\/uploads\/2026\/03\/IMG_5694-1-169x300.png 169w\" sizes=\"auto, (max-width: 405px) 100vw, 405px\" \/><\/figure>\n<\/div>\n\n\n\n<div class=\"wp-block-cb-slide-v2 cb-slide swiper-slide\">\n<figure class=\"wp-block-image size-full\"><img loading=\"lazy\" decoding=\"async\" width=\"405\" height=\"719\" src=\"https:\/\/kumulusparagliding.com\/wp-content\/uploads\/2026\/03\/IMG_5659-1.png\" alt=\"\" class=\"wp-image-4635\" srcset=\"https:\/\/kumulusparagliding.com\/wp-content\/uploads\/2026\/03\/IMG_5659-1.png 405w, https:\/\/kumulusparagliding.com\/wp-content\/uploads\/2026\/03\/IMG_5659-1-169x300.png 169w\" sizes=\"auto, (max-width: 405px) 100vw, 405px\" \/><\/figure>\n<\/div>\n\n\n\n<div class=\"wp-block-cb-slide-v2 cb-slide swiper-slide\">\n<figure class=\"wp-block-image size-full\"><img loading=\"lazy\" decoding=\"async\" width=\"405\" height=\"719\" src=\"https:\/\/kumulusparagliding.com\/wp-content\/uploads\/2026\/03\/IMG_5684-1.png\" alt=\"\" class=\"wp-image-4640\" srcset=\"https:\/\/kumulusparagliding.com\/wp-content\/uploads\/2026\/03\/IMG_5684-1.png 405w, https:\/\/kumulusparagliding.com\/wp-content\/uploads\/2026\/03\/IMG_5684-1-169x300.png 169w\" sizes=\"auto, (max-width: 405px) 100vw, 405px\" \/><\/figure>\n<\/div>\n<\/div><\/div><div class=\"cb-pagination swiper-pagination\"><\/div><div class=\"cb-button-prev swiper-button-prev\"><\/div><div class=\"cb-button-next swiper-button-next\"><\/div><\/div>\n","protected":false},"excerpt":{"rendered":"<p>PARAGLIDING GUIDING V BOHINJU \ud83c\udfd4 Bohinj je eno najbolj slikovitih obmo\u010dij za jadralno padalstvo v Sloveniji. Obdan z Julijskimi Alpami in pod Triglavom ponuja izjemno gorsko letenje.\ud83e\ude82 Letenje z lokalnim pilotom vam pomaga bolje razumeti teren, vremenske posebnosti in tipi\u010dne letalne rute obmo\u010dja.\ud83e\udd1d Namesto da ugibate, kam leteti, letimo skupaj, delimo lokalno znanje o obmo\u010dju [&#8230;]<\/p>\n<p><a class=\"btn btn-secondary understrap-read-more-link\" href=\"https:\/\/kumulusparagliding.com\/sl\/guiding\/\">Preberi ve\u010d&#8230;<\/a><\/p>\n","protected":false},"author":1,"featured_media":0,"parent":0,"menu_order":0,"comment_status":"closed","ping_status":"closed","template":"page-templates\/guiding.php","meta":{"_acf_changed":false,"footnotes":""},"class_list":["post-4661","page","type-page","status-publish","hentry"],"acf":[],"yoast_head":"<!-- This site is optimized with the Yoast SEO plugin v25.0 - https:\/\/yoast.com\/wordpress\/plugins\/seo\/ -->\n<title>Vodenje - kumulus-paragliding<\/title>\n<meta name=\"robots\" content=\"index, follow, max-snippet:-1, max-image-preview:large, max-video-preview:-1\" \/>\n<link rel=\"canonical\" href=\"https:\/\/kumulusparagliding.com\/sl\/guiding\/\" \/>\n<meta property=\"og:locale\" content=\"sl_SI\" \/>\n<meta property=\"og:type\" content=\"article\" \/>\n<meta property=\"og:title\" content=\"Vodenje - kumulus-paragliding\" \/>\n<meta property=\"og:description\" content=\"PARAGLIDING GUIDING V BOHINJU \ud83c\udfd4 Bohinj je eno najbolj slikovitih obmo\u010dij za jadralno padalstvo v Sloveniji. Obdan z Julijskimi Alpami in pod Triglavom ponuja izjemno gorsko letenje.\ud83e\ude82 Letenje z lokalnim pilotom vam pomaga bolje razumeti teren, vremenske posebnosti in tipi\u010dne letalne rute obmo\u010dja.\ud83e\udd1d Namesto da ugibate, kam leteti, letimo skupaj, delimo lokalno znanje o obmo\u010dju [...]Preberi ve\u010d...\" \/>\n<meta property=\"og:url\" content=\"https:\/\/kumulusparagliding.com\/sl\/guiding\/\" \/>\n<meta property=\"og:site_name\" content=\"kumulus-paragliding\" \/>\n<meta property=\"article:publisher\" content=\"https:\/\/www.facebook.com\/KumulusParagliding\/\" \/>\n<meta property=\"article:modified_time\" content=\"2026-04-25T10:02:49+00:00\" \/>\n<meta property=\"og:image\" content=\"https:\/\/kumulusparagliding.com\/wp-content\/uploads\/2026\/03\/partner-or-friends-2.png\" \/>\n\t<meta property=\"og:image:width\" content=\"630\" \/>\n\t<meta property=\"og:image:height\" content=\"500\" \/>\n\t<meta property=\"og:image:type\" content=\"image\/png\" \/>\n<meta name=\"twitter:card\" content=\"summary_large_image\" \/>\n<meta name=\"twitter:label1\" content=\"Est. reading time\" \/>\n\t<meta name=\"twitter:data1\" content=\"3 minute\" \/>\n<script type=\"application\/ld+json\" class=\"yoast-schema-graph\">{\"@context\":\"https:\/\/schema.org\",\"@graph\":[{\"@type\":\"WebPage\",\"@id\":\"https:\/\/kumulusparagliding.com\/sl\/guiding\/\",\"url\":\"https:\/\/kumulusparagliding.com\/sl\/guiding\/\",\"name\":\"Vodenje - kumulus-paragliding\",\"isPartOf\":{\"@id\":\"https:\/\/kumulusparagliding.com\/#website\"},\"primaryImageOfPage\":{\"@id\":\"https:\/\/kumulusparagliding.com\/sl\/guiding\/#primaryimage\"},\"image\":{\"@id\":\"https:\/\/kumulusparagliding.com\/sl\/guiding\/#primaryimage\"},\"thumbnailUrl\":\"https:\/\/kumulusparagliding.com\/wp-content\/uploads\/2026\/03\/partner-or-friends-2.png\",\"datePublished\":\"2026-03-15T13:36:34+00:00\",\"dateModified\":\"2026-04-25T10:02:49+00:00\",\"breadcrumb\":{\"@id\":\"https:\/\/kumulusparagliding.com\/sl\/guiding\/#breadcrumb\"},\"inLanguage\":\"sl-SI\",\"potentialAction\":[{\"@type\":\"ReadAction\",\"target\":[\"https:\/\/kumulusparagliding.com\/sl\/guiding\/\"]}]},{\"@type\":\"ImageObject\",\"inLanguage\":\"sl-SI\",\"@id\":\"https:\/\/kumulusparagliding.com\/sl\/guiding\/#primaryimage\",\"url\":\"https:\/\/kumulusparagliding.com\/wp-content\/uploads\/2026\/03\/partner-or-friends-2.png\",\"contentUrl\":\"https:\/\/kumulusparagliding.com\/wp-content\/uploads\/2026\/03\/partner-or-friends-2.png\"},{\"@type\":\"BreadcrumbList\",\"@id\":\"https:\/\/kumulusparagliding.com\/sl\/guiding\/#breadcrumb\",\"itemListElement\":[{\"@type\":\"ListItem\",\"position\":1,\"name\":\"Home\",\"item\":\"https:\/\/kumulusparagliding.com\/sl\/\"},{\"@type\":\"ListItem\",\"position\":2,\"name\":\"Vodenje\"}]},{\"@type\":\"WebSite\",\"@id\":\"https:\/\/kumulusparagliding.com\/#website\",\"url\":\"https:\/\/kumulusparagliding.com\/\",\"name\":\"Kumulus Paragliding\",\"description\":\"\",\"publisher\":{\"@id\":\"https:\/\/kumulusparagliding.com\/#organization\"},\"potentialAction\":[{\"@type\":\"SearchAction\",\"target\":{\"@type\":\"EntryPoint\",\"urlTemplate\":\"https:\/\/kumulusparagliding.com\/?s={search_term_string}\"},\"query-input\":{\"@type\":\"PropertyValueSpecification\",\"valueRequired\":true,\"valueName\":\"search_term_string\"}}],\"inLanguage\":\"sl-SI\"},{\"@type\":\"Organization\",\"@id\":\"https:\/\/kumulusparagliding.com\/#organization\",\"name\":\"Kumulus paragliding\",\"url\":\"https:\/\/kumulusparagliding.com\/\",\"logo\":{\"@type\":\"ImageObject\",\"inLanguage\":\"sl-SI\",\"@id\":\"https:\/\/kumulusparagliding.com\/#\/schema\/logo\/image\/\",\"url\":\"https:\/\/kumulusparagliding.com\/wp-content\/uploads\/2023\/02\/Kumulus_logo_RGB-03.svg\",\"contentUrl\":\"https:\/\/kumulusparagliding.com\/wp-content\/uploads\/2023\/02\/Kumulus_logo_RGB-03.svg\",\"width\":1,\"height\":1,\"caption\":\"Kumulus paragliding\"},\"image\":{\"@id\":\"https:\/\/kumulusparagliding.com\/#\/schema\/logo\/image\/\"},\"sameAs\":[\"https:\/\/www.facebook.com\/KumulusParagliding\/\",\"https:\/\/www.instagram.com\/kumulus_paragliding\/\",\"https:\/\/www.tripadvisor.com\/Attraction_Review-g274865-d13943067-Reviews-Kumulus_Paragliding-Bohinjsko_Jezero_Upper_Carniola_Region.html\"]}]}<\/script>\n<!-- \/ Yoast SEO plugin. -->","yoast_head_json":{"title":"Vodenje - kumulus-paragliding","robots":{"index":"index","follow":"follow","max-snippet":"max-snippet:-1","max-image-preview":"max-image-preview:large","max-video-preview":"max-video-preview:-1"},"canonical":"https:\/\/kumulusparagliding.com\/sl\/guiding\/","og_locale":"sl_SI","og_type":"article","og_title":"Vodenje - kumulus-paragliding","og_description":"PARAGLIDING GUIDING V BOHINJU \ud83c\udfd4 Bohinj je eno najbolj slikovitih obmo\u010dij za jadralno padalstvo v Sloveniji. Obdan z Julijskimi Alpami in pod Triglavom ponuja izjemno gorsko letenje.\ud83e\ude82 Letenje z lokalnim pilotom vam pomaga bolje razumeti teren, vremenske posebnosti in tipi\u010dne letalne rute obmo\u010dja.\ud83e\udd1d Namesto da ugibate, kam leteti, letimo skupaj, delimo lokalno znanje o obmo\u010dju [...]Preberi ve\u010d...","og_url":"https:\/\/kumulusparagliding.com\/sl\/guiding\/","og_site_name":"kumulus-paragliding","article_publisher":"https:\/\/www.facebook.com\/KumulusParagliding\/","article_modified_time":"2026-04-25T10:02:49+00:00","og_image":[{"width":630,"height":500,"url":"https:\/\/kumulusparagliding.com\/wp-content\/uploads\/2026\/03\/partner-or-friends-2.png","type":"image\/png"}],"twitter_card":"summary_large_image","twitter_misc":{"Est. reading time":"3 minute"},"schema":{"@context":"https:\/\/schema.org","@graph":[{"@type":"WebPage","@id":"https:\/\/kumulusparagliding.com\/sl\/guiding\/","url":"https:\/\/kumulusparagliding.com\/sl\/guiding\/","name":"Vodenje - kumulus-paragliding","isPartOf":{"@id":"https:\/\/kumulusparagliding.com\/#website"},"primaryImageOfPage":{"@id":"https:\/\/kumulusparagliding.com\/sl\/guiding\/#primaryimage"},"image":{"@id":"https:\/\/kumulusparagliding.com\/sl\/guiding\/#primaryimage"},"thumbnailUrl":"https:\/\/kumulusparagliding.com\/wp-content\/uploads\/2026\/03\/partner-or-friends-2.png","datePublished":"2026-03-15T13:36:34+00:00","dateModified":"2026-04-25T10:02:49+00:00","breadcrumb":{"@id":"https:\/\/kumulusparagliding.com\/sl\/guiding\/#breadcrumb"},"inLanguage":"sl-SI","potentialAction":[{"@type":"ReadAction","target":["https:\/\/kumulusparagliding.com\/sl\/guiding\/"]}]},{"@type":"ImageObject","inLanguage":"sl-SI","@id":"https:\/\/kumulusparagliding.com\/sl\/guiding\/#primaryimage","url":"https:\/\/kumulusparagliding.com\/wp-content\/uploads\/2026\/03\/partner-or-friends-2.png","contentUrl":"https:\/\/kumulusparagliding.com\/wp-content\/uploads\/2026\/03\/partner-or-friends-2.png"},{"@type":"BreadcrumbList","@id":"https:\/\/kumulusparagliding.com\/sl\/guiding\/#breadcrumb","itemListElement":[{"@type":"ListItem","position":1,"name":"Home","item":"https:\/\/kumulusparagliding.com\/sl\/"},{"@type":"ListItem","position":2,"name":"Vodenje"}]},{"@type":"WebSite","@id":"https:\/\/kumulusparagliding.com\/#website","url":"https:\/\/kumulusparagliding.com\/","name":"Kumulus Paragliding","description":"","publisher":{"@id":"https:\/\/kumulusparagliding.com\/#organization"},"potentialAction":[{"@type":"SearchAction","target":{"@type":"EntryPoint","urlTemplate":"https:\/\/kumulusparagliding.com\/?s={search_term_string}"},"query-input":{"@type":"PropertyValueSpecification","valueRequired":true,"valueName":"search_term_string"}}],"inLanguage":"sl-SI"},{"@type":"Organization","@id":"https:\/\/kumulusparagliding.com\/#organization","name":"Kumulus paragliding","url":"https:\/\/kumulusparagliding.com\/","logo":{"@type":"ImageObject","inLanguage":"sl-SI","@id":"https:\/\/kumulusparagliding.com\/#\/schema\/logo\/image\/","url":"https:\/\/kumulusparagliding.com\/wp-content\/uploads\/2023\/02\/Kumulus_logo_RGB-03.svg","contentUrl":"https:\/\/kumulusparagliding.com\/wp-content\/uploads\/2023\/02\/Kumulus_logo_RGB-03.svg","width":1,"height":1,"caption":"Kumulus paragliding"},"image":{"@id":"https:\/\/kumulusparagliding.com\/#\/schema\/logo\/image\/"},"sameAs":["https:\/\/www.facebook.com\/KumulusParagliding\/","https:\/\/www.instagram.com\/kumulus_paragliding\/","https:\/\/www.tripadvisor.com\/Attraction_Review-g274865-d13943067-Reviews-Kumulus_Paragliding-Bohinjsko_Jezero_Upper_Carniola_Region.html"]}]}},"_links":{"self":[{"href":"https:\/\/kumulusparagliding.com\/sl\/wp-json\/wp\/v2\/pages\/4661","targetHints":{"allow":["GET"]}}],"collection":[{"href":"https:\/\/kumulusparagliding.com\/sl\/wp-json\/wp\/v2\/pages"}],"about":[{"href":"https:\/\/kumulusparagliding.com\/sl\/wp-json\/wp\/v2\/types\/page"}],"author":[{"embeddable":true,"href":"https:\/\/kumulusparagliding.com\/sl\/wp-json\/wp\/v2\/users\/1"}],"replies":[{"embeddable":true,"href":"https:\/\/kumulusparagliding.com\/sl\/wp-json\/wp\/v2\/comments?post=4661"}],"version-history":[{"count":6,"href":"https:\/\/kumulusparagliding.com\/sl\/wp-json\/wp\/v2\/pages\/4661\/revisions"}],"predecessor-version":[{"id":5006,"href":"https:\/\/kumulusparagliding.com\/sl\/wp-json\/wp\/v2\/pages\/4661\/revisions\/5006"}],"wp:attachment":[{"href":"https:\/\/kumulusparagliding.com\/sl\/wp-json\/wp\/v2\/media?parent=4661"}],"curies":[{"name":"wp","href":"https:\/\/api.w.org\/{rel}","templated":true}]}}