{"id":471,"date":"2023-02-06T17:35:00","date_gmt":"2023-02-06T17:35:00","guid":{"rendered":"http:\/\/develop.kumulusparagliding.com\/reviews\/"},"modified":"2025-05-21T19:02:31","modified_gmt":"2025-05-21T19:02:31","slug":"mnenja","status":"publish","type":"page","link":"https:\/\/kumulusparagliding.com\/sl\/mnenja\/","title":{"rendered":"MNENJA"},"content":{"rendered":"","protected":false},"excerpt":{"rendered":"<p> [&#8230;]<\/p>\n<p><a class=\"btn btn-secondary understrap-read-more-link\" href=\"https:\/\/kumulusparagliding.com\/sl\/mnenja\/\">Preberi ve\u010d&#8230;<\/a><\/p>\n","protected":false},"author":1,"featured_media":0,"parent":0,"menu_order":0,"comment_status":"closed","ping_status":"closed","template":"page-templates\/reviews.php","meta":{"_acf_changed":false,"footnotes":""},"class_list":["post-471","page","type-page","status-publish","hentry"],"acf":[],"yoast_head":"<!-- This site is optimized with the Yoast SEO plugin v25.0 - https:\/\/yoast.com\/wordpress\/plugins\/seo\/ -->\n<title>Mnenja o nas - Kumulus Paragliding<\/title>\n<meta name=\"description\" content=\"Na\u0161a najve\u010dja misija je predstaviti polet v tandem v najbolj\u0161i lu\u010di zato nam va\u0161e pozitivno mnenje pomeni najve\u010d. Lahko se pohvalimo s strankami s celega sveta.\" \/>\n<meta name=\"robots\" content=\"index, follow, max-snippet:-1, max-image-preview:large, max-video-preview:-1\" \/>\n<link rel=\"canonical\" href=\"https:\/\/kumulusparagliding.com\/sl\/mnenja\/\" \/>\n<meta property=\"og:locale\" content=\"sl_SI\" \/>\n<meta property=\"og:type\" content=\"article\" \/>\n<meta property=\"og:title\" content=\"Mnenja o nas - Kumulus Paragliding\" \/>\n<meta property=\"og:description\" content=\"Na\u0161a najve\u010dja misija je predstaviti polet v tandem v najbolj\u0161i lu\u010di zato nam va\u0161e pozitivno mnenje pomeni najve\u010d. Lahko se pohvalimo s strankami s celega sveta.\" \/>\n<meta property=\"og:url\" content=\"https:\/\/kumulusparagliding.com\/sl\/mnenja\/\" \/>\n<meta property=\"og:site_name\" content=\"kumulus-paragliding\" \/>\n<meta property=\"article:publisher\" content=\"https:\/\/www.facebook.com\/KumulusParagliding\/\" \/>\n<meta property=\"article:modified_time\" content=\"2025-05-21T19:02:31+00:00\" \/>\n<meta name=\"twitter:card\" content=\"summary_large_image\" \/>\n<script type=\"application\/ld+json\" class=\"yoast-schema-graph\">{\"@context\":\"https:\/\/schema.org\",\"@graph\":[{\"@type\":\"WebPage\",\"@id\":\"https:\/\/kumulusparagliding.com\/sl\/mnenja\/\",\"url\":\"https:\/\/kumulusparagliding.com\/sl\/mnenja\/\",\"name\":\"Mnenja o nas - Kumulus Paragliding\",\"isPartOf\":{\"@id\":\"https:\/\/kumulusparagliding.com\/#website\"},\"datePublished\":\"2023-02-06T17:35:00+00:00\",\"dateModified\":\"2025-05-21T19:02:31+00:00\",\"description\":\"Na\u0161a najve\u010dja misija je predstaviti polet v tandem v najbolj\u0161i lu\u010di zato nam va\u0161e pozitivno mnenje pomeni najve\u010d. Lahko se pohvalimo s strankami s celega sveta.\",\"breadcrumb\":{\"@id\":\"https:\/\/kumulusparagliding.com\/sl\/mnenja\/#breadcrumb\"},\"inLanguage\":\"sl-SI\",\"potentialAction\":[{\"@type\":\"ReadAction\",\"target\":[\"https:\/\/kumulusparagliding.com\/sl\/mnenja\/\"]}]},{\"@type\":\"BreadcrumbList\",\"@id\":\"https:\/\/kumulusparagliding.com\/sl\/mnenja\/#breadcrumb\",\"itemListElement\":[{\"@type\":\"ListItem\",\"position\":1,\"name\":\"Home\",\"item\":\"https:\/\/kumulusparagliding.com\/sl\/\"},{\"@type\":\"ListItem\",\"position\":2,\"name\":\"MNENJA\"}]},{\"@type\":\"WebSite\",\"@id\":\"https:\/\/kumulusparagliding.com\/#website\",\"url\":\"https:\/\/kumulusparagliding.com\/\",\"name\":\"Kumulus Paragliding\",\"description\":\"\",\"publisher\":{\"@id\":\"https:\/\/kumulusparagliding.com\/#organization\"},\"potentialAction\":[{\"@type\":\"SearchAction\",\"target\":{\"@type\":\"EntryPoint\",\"urlTemplate\":\"https:\/\/kumulusparagliding.com\/?s={search_term_string}\"},\"query-input\":{\"@type\":\"PropertyValueSpecification\",\"valueRequired\":true,\"valueName\":\"search_term_string\"}}],\"inLanguage\":\"sl-SI\"},{\"@type\":\"Organization\",\"@id\":\"https:\/\/kumulusparagliding.com\/#organization\",\"name\":\"Kumulus paragliding\",\"url\":\"https:\/\/kumulusparagliding.com\/\",\"logo\":{\"@type\":\"ImageObject\",\"inLanguage\":\"sl-SI\",\"@id\":\"https:\/\/kumulusparagliding.com\/#\/schema\/logo\/image\/\",\"url\":\"https:\/\/kumulusparagliding.com\/wp-content\/uploads\/2023\/02\/Kumulus_logo_RGB-03.svg\",\"contentUrl\":\"https:\/\/kumulusparagliding.com\/wp-content\/uploads\/2023\/02\/Kumulus_logo_RGB-03.svg\",\"width\":1,\"height\":1,\"caption\":\"Kumulus paragliding\"},\"image\":{\"@id\":\"https:\/\/kumulusparagliding.com\/#\/schema\/logo\/image\/\"},\"sameAs\":[\"https:\/\/www.facebook.com\/KumulusParagliding\/\",\"https:\/\/www.instagram.com\/kumulus_paragliding\/\",\"https:\/\/www.tripadvisor.com\/Attraction_Review-g274865-d13943067-Reviews-Kumulus_Paragliding-Bohinjsko_Jezero_Upper_Carniola_Region.html\"]}]}<\/script>\n<!-- \/ Yoast SEO plugin. -->","yoast_head_json":{"title":"Mnenja o nas - Kumulus Paragliding","description":"Na\u0161a najve\u010dja misija je predstaviti polet v tandem v najbolj\u0161i lu\u010di zato nam va\u0161e pozitivno mnenje pomeni najve\u010d. Lahko se pohvalimo s strankami s celega sveta.","robots":{"index":"index","follow":"follow","max-snippet":"max-snippet:-1","max-image-preview":"max-image-preview:large","max-video-preview":"max-video-preview:-1"},"canonical":"https:\/\/kumulusparagliding.com\/sl\/mnenja\/","og_locale":"sl_SI","og_type":"article","og_title":"Mnenja o nas - Kumulus Paragliding","og_description":"Na\u0161a najve\u010dja misija je predstaviti polet v tandem v najbolj\u0161i lu\u010di zato nam va\u0161e pozitivno mnenje pomeni najve\u010d. Lahko se pohvalimo s strankami s celega sveta.","og_url":"https:\/\/kumulusparagliding.com\/sl\/mnenja\/","og_site_name":"kumulus-paragliding","article_publisher":"https:\/\/www.facebook.com\/KumulusParagliding\/","article_modified_time":"2025-05-21T19:02:31+00:00","twitter_card":"summary_large_image","schema":{"@context":"https:\/\/schema.org","@graph":[{"@type":"WebPage","@id":"https:\/\/kumulusparagliding.com\/sl\/mnenja\/","url":"https:\/\/kumulusparagliding.com\/sl\/mnenja\/","name":"Mnenja o nas - Kumulus Paragliding","isPartOf":{"@id":"https:\/\/kumulusparagliding.com\/#website"},"datePublished":"2023-02-06T17:35:00+00:00","dateModified":"2025-05-21T19:02:31+00:00","description":"Na\u0161a najve\u010dja misija je predstaviti polet v tandem v najbolj\u0161i lu\u010di zato nam va\u0161e pozitivno mnenje pomeni najve\u010d. Lahko se pohvalimo s strankami s celega sveta.","breadcrumb":{"@id":"https:\/\/kumulusparagliding.com\/sl\/mnenja\/#breadcrumb"},"inLanguage":"sl-SI","potentialAction":[{"@type":"ReadAction","target":["https:\/\/kumulusparagliding.com\/sl\/mnenja\/"]}]},{"@type":"BreadcrumbList","@id":"https:\/\/kumulusparagliding.com\/sl\/mnenja\/#breadcrumb","itemListElement":[{"@type":"ListItem","position":1,"name":"Home","item":"https:\/\/kumulusparagliding.com\/sl\/"},{"@type":"ListItem","position":2,"name":"MNENJA"}]},{"@type":"WebSite","@id":"https:\/\/kumulusparagliding.com\/#website","url":"https:\/\/kumulusparagliding.com\/","name":"Kumulus Paragliding","description":"","publisher":{"@id":"https:\/\/kumulusparagliding.com\/#organization"},"potentialAction":[{"@type":"SearchAction","target":{"@type":"EntryPoint","urlTemplate":"https:\/\/kumulusparagliding.com\/?s={search_term_string}"},"query-input":{"@type":"PropertyValueSpecification","valueRequired":true,"valueName":"search_term_string"}}],"inLanguage":"sl-SI"},{"@type":"Organization","@id":"https:\/\/kumulusparagliding.com\/#organization","name":"Kumulus paragliding","url":"https:\/\/kumulusparagliding.com\/","logo":{"@type":"ImageObject","inLanguage":"sl-SI","@id":"https:\/\/kumulusparagliding.com\/#\/schema\/logo\/image\/","url":"https:\/\/kumulusparagliding.com\/wp-content\/uploads\/2023\/02\/Kumulus_logo_RGB-03.svg","contentUrl":"https:\/\/kumulusparagliding.com\/wp-content\/uploads\/2023\/02\/Kumulus_logo_RGB-03.svg","width":1,"height":1,"caption":"Kumulus paragliding"},"image":{"@id":"https:\/\/kumulusparagliding.com\/#\/schema\/logo\/image\/"},"sameAs":["https:\/\/www.facebook.com\/KumulusParagliding\/","https:\/\/www.instagram.com\/kumulus_paragliding\/","https:\/\/www.tripadvisor.com\/Attraction_Review-g274865-d13943067-Reviews-Kumulus_Paragliding-Bohinjsko_Jezero_Upper_Carniola_Region.html"]}]}},"_links":{"self":[{"href":"https:\/\/kumulusparagliding.com\/sl\/wp-json\/wp\/v2\/pages\/471","targetHints":{"allow":["GET"]}}],"collection":[{"href":"https:\/\/kumulusparagliding.com\/sl\/wp-json\/wp\/v2\/pages"}],"about":[{"href":"https:\/\/kumulusparagliding.com\/sl\/wp-json\/wp\/v2\/types\/page"}],"author":[{"embeddable":true,"href":"https:\/\/kumulusparagliding.com\/sl\/wp-json\/wp\/v2\/users\/1"}],"replies":[{"embeddable":true,"href":"https:\/\/kumulusparagliding.com\/sl\/wp-json\/wp\/v2\/comments?post=471"}],"version-history":[{"count":7,"href":"https:\/\/kumulusparagliding.com\/sl\/wp-json\/wp\/v2\/pages\/471\/revisions"}],"predecessor-version":[{"id":2206,"href":"https:\/\/kumulusparagliding.com\/sl\/wp-json\/wp\/v2\/pages\/471\/revisions\/2206"}],"wp:attachment":[{"href":"https:\/\/kumulusparagliding.com\/sl\/wp-json\/wp\/v2\/media?parent=471"}],"curies":[{"name":"wp","href":"https:\/\/api.w.org\/{rel}","templated":true}]}}